{"id":24,"date":"2021-07-29T13:24:03","date_gmt":"2021-07-29T11:24:03","guid":{"rendered":"https:\/\/www.privacy-advice.com\/?page_id=24"},"modified":"2021-10-31T12:12:22","modified_gmt":"2021-10-31T11:12:22","slug":"ueber-uns","status":"publish","type":"page","link":"https:\/\/www.privacy-advice.com\/de\/ueber-uns\/","title":{"rendered":"\u00dcber uns"},"content":{"rendered":"<div class=\"block block--header bg--blue  wp-block-acf-header with-image\">\r\n\r\n\t<picture>\r\n        <source \r\n            media=\"(min-width: 641px)\" \r\n            srcset=\"https:\/\/www.privacy-advice.com\/wp-content\/uploads\/dpa-header-bild-2400x1158.jpg 2400w,\r\n                https:\/\/www.privacy-advice.com\/wp-content\/uploads\/dpa-header-bild-1920x927.jpg 1920w,\r\n                https:\/\/www.privacy-advice.com\/wp-content\/uploads\/dpa-header-bild-1600x772.jpg 1600w,\r\n                https:\/\/www.privacy-advice.com\/wp-content\/uploads\/dpa-header-bild-1400x676.jpg 1400w,\r\n                https:\/\/www.privacy-advice.com\/wp-content\/uploads\/dpa-header-bild-1200x579.jpg 1200w,\r\n                https:\/\/www.privacy-advice.com\/wp-content\/uploads\/dpa-header-bild-1024x494.jpg 1024w\"\r\n            sizes=\"100vw\">\r\n            <source \r\n                media=\"(max-width: 640px)\" \r\n                srcset=\"https:\/\/www.privacy-advice.com\/wp-content\/uploads\/header-m.jpg 1200w,\r\n                        https:\/\/www.privacy-advice.com\/wp-content\/uploads\/header-m-1024x597.jpg 1024w,\r\n                         https:\/\/www.privacy-advice.com\/wp-content\/uploads\/header-m-800x467.jpg 800w\"\r\n                sizes=\"100vw\">  \r\n        <img decoding=\"async\" \r\n            src=\"https:\/\/www.privacy-advice.com\/wp-content\/uploads\/dpa-header-bild-1600x772.jpg\"\r\n            alt=\"\u00dcber uns\" loading=\"lazy\">\r\n    <\/picture>\r\n\r\n\r\n    \r\n        <div class=\"container\">\r\n\r\n            <div class=\"flex flexgrid--gutter flex--wrap spacing relative\">\r\n                <div class=\"flex__item one-half sm-one-whole flex flex--middle\">\r\n                    <div class=\"one-whole\">\r\n                        <h1>\u00dcber uns<\/h1>\r\n                        <p>Erfahren Sie mehr \u00fcber unser Unternehmen und unsere Arbeitsweise.<\/p>\n                    <\/div>\r\n                <\/div>\r\n                                    <div class=\"flex__item one-half sm-one-whole\">\r\n                        <div class=\"relative\">\r\n                            <figure>\r\n                                <img decoding=\"async\" src=\"https:\/\/www.privacy-advice.com\/wp-content\/uploads\/dpa-drewes-privacy-advice-bonn-540x360.jpg\"\r\n                                    srcset=\"https:\/\/www.privacy-advice.com\/wp-content\/uploads\/dpa-drewes-privacy-advice-bonn-1024x683.jpg 1024w,\r\n                                            https:\/\/www.privacy-advice.com\/wp-content\/uploads\/dpa-drewes-privacy-advice-bonn-800x533.jpg 800w,\r\n                                            https:\/\/www.privacy-advice.com\/wp-content\/uploads\/dpa-drewes-privacy-advice-bonn-540x360.jpg 540w\"\r\n                                    alt=\"\u00dcber uns\" loading=\"lazy\" \r\n                                    width=\"1080\" height=\"720\" \r\n                                    sizes=\"auto, (min-width:1201px) 540px, (max-width:1200px) and (min-width:641px) 46vw, 96vw\" \/>\r\n                                                            <\/figure>\r\n                        <\/div>\r\n                    <\/div>\r\n                             <\/div>\r\n        <\/div>\r\n        \r\n       \r\n<\/div>\r\n\r\n\r\n<div class=\"block--breadcrumbs\">\r\n    <div class=\"container\">\r\n        <nav class=\"breadcrumbs\"><ol><li><a href=\"https:\/\/www.privacy-advice.com\/de\/\">Startseite<\/a><\/li><\/ol><\/nav>    <\/div>\r\n<\/div>\r\n\r\n\r\n\r\n\r\n\r\n\r\n\r\n\r\n\r\n\n\n<div class=\"container con--heading\">\n<h2 class=\"wp-block-heading\">DPA Drewes Privacy Advice GmbH<\/h2>\n<\/div>\n\n<div class=\"container con--para\">\n<p>Die DPA Drewes Privacy Advice GmbH (DPA) ist seit \u00fcber zehn Jahren auf die praktische Umsetzung des Datenschutzes in Unternehmen spezialisiert und stellt f\u00fcr zahlreiche Unternehmen den Datenschutzbeauftragten. Gerade bei der unternehmensinternen Umsetzung der Datenschutz-Grundverordnung haben wir zahlreichen Unternehmen helfen k\u00f6nnen, diese Anforderungen mit Blick f\u00fcr das Machbare zu realisieren.<\/p>\n<\/div>\n\n<div class=\"container con--para\">\n<p>Die DPA betreut datengetriebene Unternehmen, gr\u00f6\u00dfere mittelst\u00e4ndische Unternehmensgruppen bis hin zu b\u00f6rsennotierten Konzernen. Zudem liegt ein Schwerpunkt auf der Betreuung von NGOs. Exklusiv f\u00fcr die von uns betreuten Unternehmen haben wir ein eigenes eLearning zum Datenschutz entwickelt. Hier\u00fcber l\u00e4sst sich eine Erstschulung der Mitarbeiter einfach umsetzen. Zudem stellen wir den von uns betreuten Unternehmen ein Privacy Dashboard zur Verf\u00fcgung. Mit Hilfe dieser Anwendung lassen sich sowohl Dokumentationspflichten nach Art. 30 DSGVO als auch gesetzlich geforderte Risikobewertungen einfach umsetzen.<\/p>\n<\/div>\n\n\r\n\r\n<div class=\"block block--cta flex flex--middle wp-block-acf-cta\">\r\n                            \r\n    <picture>\r\n        <source \r\n            media=\"(min-width: 641px)\" \r\n            srcset=\"https:\/\/www.privacy-advice.com\/wp-content\/uploads\/dpa-call-to-action-background-2400x500.jpg 2400w,\r\n                https:\/\/www.privacy-advice.com\/wp-content\/uploads\/dpa-call-to-action-background-1920x400.jpg 1920w,\r\n                https:\/\/www.privacy-advice.com\/wp-content\/uploads\/dpa-call-to-action-background-1600x333.jpg 1600w,\r\n                https:\/\/www.privacy-advice.com\/wp-content\/uploads\/dpa-call-to-action-background-1400x292.jpg 1400w,\r\n                https:\/\/www.privacy-advice.com\/wp-content\/uploads\/dpa-call-to-action-background-1200x250.jpg 1200w,\r\n                https:\/\/www.privacy-advice.com\/wp-content\/uploads\/dpa-call-to-action-background-1024x213.jpg 1024w\"\r\n            sizes=\"100vw\">\r\n            <source \r\n                media=\"(max-width: 640px)\" \r\n                srcset=\"https:\/\/www.privacy-advice.com\/wp-content\/uploads\/dpa-call-to-action-background-1200x250.jpg 1200w,\r\n                        https:\/\/www.privacy-advice.com\/wp-content\/uploads\/dpa-call-to-action-background-1024x213.jpg 1024w,\r\n                         https:\/\/www.privacy-advice.com\/wp-content\/uploads\/dpa-call-to-action-background-800x167.jpg 800w\"\r\n                sizes=\"100vw\">  \r\n        <img decoding=\"async\" \r\n            src=\"https:\/\/www.privacy-advice.com\/wp-content\/uploads\/dpa-call-to-action-background-1600x333.jpg\"\r\n            alt=\"DPA | Call-to-Action Hintergrund\" loading=\"lazy\">\r\n    <\/picture>\r\n\r\n    <div class=\"one-whole spacing\">\r\n        <div class=\"container relative\">\r\n                            <a href=\"https:\/\/www.privacy-advice.com\/de\/karriere\/\" target=\"_self\">\r\n                            <img decoding=\"async\" src=\"https:\/\/www.privacy-advice.com\/wp-content\/uploads\/p.svg\" \r\n                    alt=\"\" loading=\"lazy\" \/>\r\n                            <\/a>\r\n            \r\n            <div class=\"flex flexgrid--gutter flex--wrap flex--middle\">\r\n                <div class=\"flex__item\">\r\n                    <div class=\"left\">\r\n                                                                                    <a href=\"https:\/\/www.privacy-advice.com\/de\/karriere\/\" target=\"_self\">\r\n                                                            <h2 class=\"gamma\">Werden Sie ein Teil von DPA Drewes Privacy Advice<\/h2>\r\n                                                             <\/a>\r\n                                                       \r\n                        <p>Wir suchen Datenschutzexperten mit Leidenschaft und Arbeitsbereitschaft, die unser Team bereichern. Bei DPA haben Sie die Chance, autark zu arbeiten und zeitnah etwas zu bewirken. Wir freuen uns auf Ihre Bewerbung!<\/p>\r\n                    <\/div>\r\n                <\/div>\r\n                <div class=\"right flex__item\">\r\n                                            <a href=\"https:\/\/www.privacy-advice.com\/de\/karriere\/\" target=\"_self\" class=\"btn btn--white\">\r\n                            Karrierebereich ansehen                        <\/a>\r\n                                    <\/div>\r\n            <\/div>\r\n        <\/div>\r\n    <\/div> \r\n\r\n\r\n<\/div>\n\n<div class=\"block block--text-bild wp-block-acf-text-bild\">   \r\n\r\n\r\n\r\n    <div class=\"container\">\r\n\r\n        <div class=\"flex flexgrid--gutter flex--wrap flex--middle links\">\r\n\r\n            <div class=\"flex__item one-half md-one-whole\">\r\n                                    <a href=\"https:\/\/www.privacy-advice.com\/de\/ueber-uns\/unser-unternehmen\/\" target=\"_self\">\r\n                \r\n                <img decoding=\"async\" src=\"https:\/\/www.privacy-advice.com\/wp-content\/uploads\/dpa-drewes-privacy-advice-ueber-uns-540x360.jpg\" \r\n                    srcset=\"https:\/\/www.privacy-advice.com\/wp-content\/uploads\/dpa-drewes-privacy-advice-ueber-uns.jpg 1200w,\r\n                            https:\/\/www.privacy-advice.com\/wp-content\/uploads\/dpa-drewes-privacy-advice-ueber-uns-1024x683.jpg 1024w,\r\n                            https:\/\/www.privacy-advice.com\/wp-content\/uploads\/dpa-drewes-privacy-advice-ueber-uns-800x533.jpg 800w,\r\n                            https:\/\/www.privacy-advice.com\/wp-content\/uploads\/dpa-drewes-privacy-advice-ueber-uns-540x360.jpg 540w\" \r\n                    alt=\"Unser Unternehmen | DPA Drewes Privacy Advice\" sizes=\"(min-width:1161px) 540px, (max-width:1160px) and (min-width:801px) 48vw, 96vw\">\r\n                                    <\/a>\r\n                                <span class=\"caption\">\r\n                                    <\/span>\r\n            <\/div>\r\n\r\n            <div class=\"flex__item one-half md-one-whole\">\r\n                <div class=\"inner\">\r\n                    <div class=\"line-down\">\r\n                                                                            <a href=\"https:\/\/www.privacy-advice.com\/de\/ueber-uns\/unser-unternehmen\/\" target=\"_self\">\r\n                                                    <h2>Lernen Sie unser Unternehmen kennen<\/h2>                    \r\n                                                    <\/a>\r\n                                            <\/div>\r\n\r\n                    <p>Die DPA Drewes Privacy Advice GmbH ber\u00e4t Unternehmen bei der praktischen Umsetzung des Datenschutzes und stellt auf Anfrage den Datenschutzbeauftragten. Gerade aufgrund unserer langj\u00e4hrigen Erfahrung verf\u00fcgen wir \u00fcber das notwendige Praxiswissen, um hier mit dem Blick f\u00fcr das Machbare passgenaue Datenschutzkonzepte zu erarbeiten. <\/p>\r\n\r\n                    \r\n                        <div class=\"padding-top--tiny\">\r\n                            <a class=\"link link--arrow\" href=\"https:\/\/www.privacy-advice.com\/de\/ueber-uns\/unser-unternehmen\/\" target=\"_self\">\r\n                                <span>Mehr erfahren<\/span>\r\n                                <i class=\"icon-arrow-right\"><\/i>\r\n                            <\/a>\r\n                        <\/div>\r\n\r\n                    \r\n                <\/div>\r\n            <\/div>\r\n\r\n        <\/div>\r\n\r\n\r\n    <\/div>\r\n<\/div>\r\n\r\n\r\n\r\n\r\n\r\n\n\n<div class=\"block block--text-bild wp-block-acf-text-bild\">   \r\n\r\n\r\n\r\n    <div class=\"container\">\r\n\r\n        <div class=\"flex flexgrid--gutter flex--wrap flex--middle rechts\">\r\n\r\n            <div class=\"flex__item one-half md-one-whole\">\r\n                                    <a href=\"https:\/\/www.privacy-advice.com\/de\/ueber-uns\/unsere-mitarbeiter\/\" target=\"_self\">\r\n                \r\n                <img decoding=\"async\" src=\"https:\/\/www.privacy-advice.com\/wp-content\/uploads\/mitarbeiter-dpa-datenschutzberatung-bonn-540x360.jpg\" \r\n                    srcset=\"https:\/\/www.privacy-advice.com\/wp-content\/uploads\/mitarbeiter-dpa-datenschutzberatung-bonn.jpg 1200w,\r\n                            https:\/\/www.privacy-advice.com\/wp-content\/uploads\/mitarbeiter-dpa-datenschutzberatung-bonn-1024x683.jpg 1024w,\r\n                            https:\/\/www.privacy-advice.com\/wp-content\/uploads\/mitarbeiter-dpa-datenschutzberatung-bonn-800x533.jpg 800w,\r\n                            https:\/\/www.privacy-advice.com\/wp-content\/uploads\/mitarbeiter-dpa-datenschutzberatung-bonn-540x360.jpg 540w\" \r\n                    alt=\"Mitarbeiter | DPA Datenschutzberatung Bonn\" sizes=\"(min-width:1161px) 540px, (max-width:1160px) and (min-width:801px) 48vw, 96vw\">\r\n                                    <\/a>\r\n                                <span class=\"caption\">\r\n                                    <\/span>\r\n            <\/div>\r\n\r\n            <div class=\"flex__item one-half md-one-whole\">\r\n                <div class=\"inner\">\r\n                    <div class=\"line-down\">\r\n                                                                            <a href=\"https:\/\/www.privacy-advice.com\/de\/ueber-uns\/unsere-mitarbeiter\/\" target=\"_self\">\r\n                                                    <h2>Unsere Mitarbeiter und Experten im Profil<\/h2>                    \r\n                                                    <\/a>\r\n                                            <\/div>\r\n\r\n                    <p>Datenschutzexperten und Mitarbeiter der DPA Drewes Privacy Advice verf\u00fcgen \u00fcber mehr als 20 Jahre Erfahrung im Bereich Datenschutzrecht und IT-Sicherheit. Unsere hoch spezialisierten Datenschutzexperten k\u00f6nnen mit ihrer langj\u00e4hrigen Expertise aufzeigen, wie Unternehmen die Herausforderungen der DSGVO bew\u00e4ltigen.<\/p>\r\n\r\n                    \r\n                        <div class=\"padding-top--tiny\">\r\n                            <a class=\"link link--arrow\" href=\"https:\/\/www.privacy-advice.com\/de\/ueber-uns\/unsere-mitarbeiter\/\" target=\"_self\">\r\n                                <span>Mehr erfahren<\/span>\r\n                                <i class=\"icon-arrow-right\"><\/i>\r\n                            <\/a>\r\n                        <\/div>\r\n\r\n                    \r\n                <\/div>\r\n            <\/div>\r\n\r\n        <\/div>\r\n\r\n\r\n    <\/div>\r\n<\/div>\r\n\r\n\r\n\r\n\r\n\r\n","protected":false},"excerpt":{"rendered":"<p>DPA Drewes Privacy Advice GmbH Die DPA Drewes Privacy Advice GmbH (DPA) ist seit \u00fcber zehn Jahren auf die praktische Umsetzung des Datenschutzes in Unternehmen spezialisiert und stellt f\u00fcr zahlreiche Unternehmen den Datenschutzbeauftragten. Gerade bei der unternehmensinternen Umsetzung der Datenschutz-Grundverordnung haben wir zahlreichen Unternehmen helfen k\u00f6nnen, diese Anforderungen mit Blick f\u00fcr das Machbare zu realisieren. [&hellip;]<\/p>\n","protected":false},"author":9,"featured_media":885,"parent":0,"menu_order":0,"comment_status":"closed","ping_status":"closed","template":"","meta":{"footnotes":""},"class_list":["post-24","page","type-page","status-publish","has-post-thumbnail","hentry"],"yoast_head":"<!-- This site is optimized with the Yoast SEO plugin v27.4 - https:\/\/yoast.com\/product\/yoast-seo-wordpress\/ -->\n<title>\u00dcber uns &#8211; DPA Drewes Privacy Advice<\/title>\n<meta name=\"description\" content=\"DPA Drewes Privacy Advice GmbH ber\u00e4t Unternehmen bei der praktischen Umsetzung des Datenschutzes in Unternehmen. \u2794 Jetzt mehr erfahren!\" \/>\n<meta name=\"robots\" content=\"index, follow, max-snippet:-1, max-image-preview:large, max-video-preview:-1\" \/>\n<link rel=\"canonical\" href=\"https:\/\/www.privacy-advice.com\/de\/ueber-uns\/\" \/>\n<meta property=\"og:locale\" content=\"de_DE\" \/>\n<meta property=\"og:type\" content=\"article\" \/>\n<meta property=\"og:title\" content=\"\u00dcber uns &#8211; DPA Drewes Privacy Advice\" \/>\n<meta property=\"og:description\" content=\"DPA Drewes Privacy Advice GmbH ber\u00e4t Unternehmen bei der praktischen Umsetzung des Datenschutzes in Unternehmen. \u2794 Jetzt mehr erfahren!\" \/>\n<meta property=\"og:url\" content=\"https:\/\/www.privacy-advice.com\/de\/ueber-uns\/\" \/>\n<meta property=\"og:site_name\" content=\"DPA Drewes Privacy Advice\" \/>\n<meta property=\"article:modified_time\" content=\"2021-10-31T11:12:22+00:00\" \/>\n<meta property=\"og:image\" content=\"https:\/\/www.privacy-advice.com\/wp-content\/uploads\/dpa-drewes-privacy-advice-bonn.jpg\" \/>\n\t<meta property=\"og:image:width\" content=\"1080\" \/>\n\t<meta property=\"og:image:height\" content=\"720\" \/>\n\t<meta property=\"og:image:type\" content=\"image\/jpeg\" \/>\n<meta name=\"twitter:card\" content=\"summary_large_image\" \/>\n<meta name=\"twitter:label1\" content=\"Gesch\u00e4tzte Lesezeit\" \/>\n\t<meta name=\"twitter:data1\" content=\"1\u00a0Minute\" \/>\n<script type=\"application\/ld+json\" class=\"yoast-schema-graph\">{\"@context\":\"https:\\\/\\\/schema.org\",\"@graph\":[{\"@type\":\"WebPage\",\"@id\":\"https:\\\/\\\/www.privacy-advice.com\\\/de\\\/ueber-uns\\\/\",\"url\":\"https:\\\/\\\/www.privacy-advice.com\\\/de\\\/ueber-uns\\\/\",\"name\":\"\u00dcber uns &#8211; DPA Drewes Privacy Advice\",\"isPartOf\":{\"@id\":\"https:\\\/\\\/www.privacy-advice.com\\\/de\\\/#website\"},\"primaryImageOfPage\":{\"@id\":\"https:\\\/\\\/www.privacy-advice.com\\\/de\\\/ueber-uns\\\/#primaryimage\"},\"image\":{\"@id\":\"https:\\\/\\\/www.privacy-advice.com\\\/de\\\/ueber-uns\\\/#primaryimage\"},\"thumbnailUrl\":\"https:\\\/\\\/www.privacy-advice.com\\\/wp-content\\\/uploads\\\/dpa-drewes-privacy-advice-bonn.jpg\",\"datePublished\":\"2021-07-29T11:24:03+00:00\",\"dateModified\":\"2021-10-31T11:12:22+00:00\",\"description\":\"DPA Drewes Privacy Advice GmbH ber\u00e4t Unternehmen bei der praktischen Umsetzung des Datenschutzes in Unternehmen. \u2794 Jetzt mehr erfahren!\",\"breadcrumb\":{\"@id\":\"https:\\\/\\\/www.privacy-advice.com\\\/de\\\/ueber-uns\\\/#breadcrumb\"},\"inLanguage\":\"de\",\"potentialAction\":[{\"@type\":\"ReadAction\",\"target\":[\"https:\\\/\\\/www.privacy-advice.com\\\/de\\\/ueber-uns\\\/\"]}]},{\"@type\":\"ImageObject\",\"inLanguage\":\"de\",\"@id\":\"https:\\\/\\\/www.privacy-advice.com\\\/de\\\/ueber-uns\\\/#primaryimage\",\"url\":\"https:\\\/\\\/www.privacy-advice.com\\\/wp-content\\\/uploads\\\/dpa-drewes-privacy-advice-bonn.jpg\",\"contentUrl\":\"https:\\\/\\\/www.privacy-advice.com\\\/wp-content\\\/uploads\\\/dpa-drewes-privacy-advice-bonn.jpg\",\"width\":1080,\"height\":720,\"caption\":\"DPA Drewes Privacy Advice Bonn\"},{\"@type\":\"BreadcrumbList\",\"@id\":\"https:\\\/\\\/www.privacy-advice.com\\\/de\\\/ueber-uns\\\/#breadcrumb\",\"itemListElement\":[{\"@type\":\"ListItem\",\"position\":1,\"name\":\"Startseite\",\"item\":\"https:\\\/\\\/www.privacy-advice.com\\\/de\\\/\"},{\"@type\":\"ListItem\",\"position\":2,\"name\":\"\u00dcber uns\"}]},{\"@type\":\"WebSite\",\"@id\":\"https:\\\/\\\/www.privacy-advice.com\\\/de\\\/#website\",\"url\":\"https:\\\/\\\/www.privacy-advice.com\\\/de\\\/\",\"name\":\"DPA Drewes Privacy Advice\",\"description\":\"\",\"publisher\":{\"@id\":\"https:\\\/\\\/www.privacy-advice.com\\\/de\\\/#organization\"},\"potentialAction\":[{\"@type\":\"SearchAction\",\"target\":{\"@type\":\"EntryPoint\",\"urlTemplate\":\"https:\\\/\\\/www.privacy-advice.com\\\/de\\\/?s={search_term_string}\"},\"query-input\":{\"@type\":\"PropertyValueSpecification\",\"valueRequired\":true,\"valueName\":\"search_term_string\"}}],\"inLanguage\":\"de\"},{\"@type\":\"Organization\",\"@id\":\"https:\\\/\\\/www.privacy-advice.com\\\/de\\\/#organization\",\"name\":\"DPA Drewes Privacy Advice GmbH\",\"url\":\"https:\\\/\\\/www.privacy-advice.com\\\/de\\\/\",\"logo\":{\"@type\":\"ImageObject\",\"inLanguage\":\"de\",\"@id\":\"https:\\\/\\\/www.privacy-advice.com\\\/de\\\/#\\\/schema\\\/logo\\\/image\\\/\",\"url\":\"https:\\\/\\\/www.privacy-advice.com\\\/wp-content\\\/uploads\\\/dpa-logo.svg\",\"contentUrl\":\"https:\\\/\\\/www.privacy-advice.com\\\/wp-content\\\/uploads\\\/dpa-logo.svg\",\"width\":1,\"height\":1,\"caption\":\"DPA Drewes Privacy Advice GmbH\"},\"image\":{\"@id\":\"https:\\\/\\\/www.privacy-advice.com\\\/de\\\/#\\\/schema\\\/logo\\\/image\\\/\"}}]}<\/script>\n<!-- \/ Yoast SEO plugin. -->","yoast_head_json":{"title":"\u00dcber uns &#8211; DPA Drewes Privacy Advice","description":"DPA Drewes Privacy Advice GmbH ber\u00e4t Unternehmen bei der praktischen Umsetzung des Datenschutzes in Unternehmen. \u2794 Jetzt mehr erfahren!","robots":{"index":"index","follow":"follow","max-snippet":"max-snippet:-1","max-image-preview":"max-image-preview:large","max-video-preview":"max-video-preview:-1"},"canonical":"https:\/\/www.privacy-advice.com\/de\/ueber-uns\/","og_locale":"de_DE","og_type":"article","og_title":"\u00dcber uns &#8211; DPA Drewes Privacy Advice","og_description":"DPA Drewes Privacy Advice GmbH ber\u00e4t Unternehmen bei der praktischen Umsetzung des Datenschutzes in Unternehmen. \u2794 Jetzt mehr erfahren!","og_url":"https:\/\/www.privacy-advice.com\/de\/ueber-uns\/","og_site_name":"DPA Drewes Privacy Advice","article_modified_time":"2021-10-31T11:12:22+00:00","og_image":[{"width":1080,"height":720,"url":"https:\/\/www.privacy-advice.com\/wp-content\/uploads\/dpa-drewes-privacy-advice-bonn.jpg","type":"image\/jpeg"}],"twitter_card":"summary_large_image","twitter_misc":{"Gesch\u00e4tzte Lesezeit":"1\u00a0Minute"},"schema":{"@context":"https:\/\/schema.org","@graph":[{"@type":"WebPage","@id":"https:\/\/www.privacy-advice.com\/de\/ueber-uns\/","url":"https:\/\/www.privacy-advice.com\/de\/ueber-uns\/","name":"\u00dcber uns &#8211; DPA Drewes Privacy Advice","isPartOf":{"@id":"https:\/\/www.privacy-advice.com\/de\/#website"},"primaryImageOfPage":{"@id":"https:\/\/www.privacy-advice.com\/de\/ueber-uns\/#primaryimage"},"image":{"@id":"https:\/\/www.privacy-advice.com\/de\/ueber-uns\/#primaryimage"},"thumbnailUrl":"https:\/\/www.privacy-advice.com\/wp-content\/uploads\/dpa-drewes-privacy-advice-bonn.jpg","datePublished":"2021-07-29T11:24:03+00:00","dateModified":"2021-10-31T11:12:22+00:00","description":"DPA Drewes Privacy Advice GmbH ber\u00e4t Unternehmen bei der praktischen Umsetzung des Datenschutzes in Unternehmen. \u2794 Jetzt mehr erfahren!","breadcrumb":{"@id":"https:\/\/www.privacy-advice.com\/de\/ueber-uns\/#breadcrumb"},"inLanguage":"de","potentialAction":[{"@type":"ReadAction","target":["https:\/\/www.privacy-advice.com\/de\/ueber-uns\/"]}]},{"@type":"ImageObject","inLanguage":"de","@id":"https:\/\/www.privacy-advice.com\/de\/ueber-uns\/#primaryimage","url":"https:\/\/www.privacy-advice.com\/wp-content\/uploads\/dpa-drewes-privacy-advice-bonn.jpg","contentUrl":"https:\/\/www.privacy-advice.com\/wp-content\/uploads\/dpa-drewes-privacy-advice-bonn.jpg","width":1080,"height":720,"caption":"DPA Drewes Privacy Advice Bonn"},{"@type":"BreadcrumbList","@id":"https:\/\/www.privacy-advice.com\/de\/ueber-uns\/#breadcrumb","itemListElement":[{"@type":"ListItem","position":1,"name":"Startseite","item":"https:\/\/www.privacy-advice.com\/de\/"},{"@type":"ListItem","position":2,"name":"\u00dcber uns"}]},{"@type":"WebSite","@id":"https:\/\/www.privacy-advice.com\/de\/#website","url":"https:\/\/www.privacy-advice.com\/de\/","name":"DPA Drewes Privacy Advice","description":"","publisher":{"@id":"https:\/\/www.privacy-advice.com\/de\/#organization"},"potentialAction":[{"@type":"SearchAction","target":{"@type":"EntryPoint","urlTemplate":"https:\/\/www.privacy-advice.com\/de\/?s={search_term_string}"},"query-input":{"@type":"PropertyValueSpecification","valueRequired":true,"valueName":"search_term_string"}}],"inLanguage":"de"},{"@type":"Organization","@id":"https:\/\/www.privacy-advice.com\/de\/#organization","name":"DPA Drewes Privacy Advice GmbH","url":"https:\/\/www.privacy-advice.com\/de\/","logo":{"@type":"ImageObject","inLanguage":"de","@id":"https:\/\/www.privacy-advice.com\/de\/#\/schema\/logo\/image\/","url":"https:\/\/www.privacy-advice.com\/wp-content\/uploads\/dpa-logo.svg","contentUrl":"https:\/\/www.privacy-advice.com\/wp-content\/uploads\/dpa-logo.svg","width":1,"height":1,"caption":"DPA Drewes Privacy Advice GmbH"},"image":{"@id":"https:\/\/www.privacy-advice.com\/de\/#\/schema\/logo\/image\/"}}]}},"_links":{"self":[{"href":"https:\/\/www.privacy-advice.com\/de\/wp-json\/wp\/v2\/pages\/24","targetHints":{"allow":["GET"]}}],"collection":[{"href":"https:\/\/www.privacy-advice.com\/de\/wp-json\/wp\/v2\/pages"}],"about":[{"href":"https:\/\/www.privacy-advice.com\/de\/wp-json\/wp\/v2\/types\/page"}],"author":[{"embeddable":true,"href":"https:\/\/www.privacy-advice.com\/de\/wp-json\/wp\/v2\/users\/9"}],"replies":[{"embeddable":true,"href":"https:\/\/www.privacy-advice.com\/de\/wp-json\/wp\/v2\/comments?post=24"}],"version-history":[{"count":4,"href":"https:\/\/www.privacy-advice.com\/de\/wp-json\/wp\/v2\/pages\/24\/revisions"}],"predecessor-version":[{"id":1832,"href":"https:\/\/www.privacy-advice.com\/de\/wp-json\/wp\/v2\/pages\/24\/revisions\/1832"}],"wp:featuredmedia":[{"embeddable":true,"href":"https:\/\/www.privacy-advice.com\/de\/wp-json\/wp\/v2\/media\/885"}],"wp:attachment":[{"href":"https:\/\/www.privacy-advice.com\/de\/wp-json\/wp\/v2\/media?parent=24"}],"curies":[{"name":"wp","href":"https:\/\/api.w.org\/{rel}","templated":true}]}}