{"id":2480,"date":"2025-05-30T08:13:23","date_gmt":"2025-05-30T06:13:23","guid":{"rendered":"https:\/\/www.privacy-advice.com\/?page_id=2480"},"modified":"2025-05-30T08:13:24","modified_gmt":"2025-05-30T06:13:24","slug":"datenschutz-olat","status":"publish","type":"page","link":"https:\/\/www.privacy-advice.com\/de\/datenschutz-olat\/","title":{"rendered":"Datenschutz Olat"},"content":{"rendered":"<div class=\"container con--para\">\n<p><strong>DATENSCHUTZERKL\u00c4RUNG<\/strong><\/p>\n<\/div>\n\n<div class=\"container con--para\">\n<p>Diese Datenschutzerkl\u00e4rung beschreibt die Verarbeitung personenbezogener Daten bei der Nutzung unserer Webseite https:\/\/olat.privacy-advice.com\/dmz\/ und unserer Online-Schulung zum Datenschutz. Sie erl\u00e4utert auch die Wahlm\u00f6glichkeiten, die Sie hinsichtlich Ihrer personenbezogenen Daten haben (\u201eIhre Rechte\u201c) und wie Sie uns kontaktieren k\u00f6nnen.<\/p>\n<\/div>\n\n<div class=\"container con--para\">\n<p><strong>I. Wer ist verantwortlich und wie kann ich den Datenschutzbeauftragten erreichen?<\/strong><\/p>\n<\/div>\n\n<div class=\"container con--para\">\n<p>Der Verantwortliche im Sinne der DSGVO ist<\/p>\n<\/div>\n\n<div class=\"container con--para\">\n<p>DPA Drewes Privacy Advice GmbH (nachfolgend: DPA), Dreizehnmorgenweg 6, D-53175&nbsp;Bonn, E-Mail: kontakt@privacy-advice.com, Telefon: +49 (228) 9024807-0.<\/p>\n<\/div>\n\n<div class=\"container con--para\">\n<p>Weitere Informationen zu unserem Unternehmen, Angaben zu den vertretungsberechtigten Personen und weitere Kontaktm\u00f6glichkeiten in unserem Impressum finden Sie auf unserer Internetseite: https:\/\/www.privacy-advice.com\/impressum.<\/p>\n<\/div>\n\n<div class=\"container con--para\">\n<p>F\u00fcr Fragen zur Verarbeitung Ihrer personenbezogenen Daten durch uns oder zum Thema Datenschutz allgemein wenden Sie sich bitte an die obige Adresse. Wenn Sie unseren Datenschutzbeauftragten erreichen m\u00f6chten, senden Sie einen Brief unter dem Stichwort \u201eDer Datenschutzbeauftragte\u201c oder per E-Mail an: kontakt@privacy-advice.com.<\/p>\n<\/div>\n\n<div class=\"container con--para\">\n<p><strong>II. Allgemeine Hinweise&nbsp;<\/strong><\/p>\n<\/div>\n\n<div class=\"container con--para\">\n<p>1. Personenbezogene Daten sind alle Informationen, die sich auf eine identifizierte oder identifizierbare nat\u00fcrliche Person beziehen. Dazu geh\u00f6ren zum Beispiel Ihr Name, Ihre E-Mail-Adresse oder Testergebnisse.<\/p>\n<\/div>\n\n<div class=\"container con--para\">\n<p>2. Auf unserer Webseite befinden sich Links, durch deren Anklicken Sie auf Webseiten Dritter gelangen und damit unsere Webseite verlassen. Wir haben keinerlei Einfluss darauf, wie Dritte mit Ihren personenbezogenen Daten umgehen und sind hierf\u00fcr auch nicht verantwortlich.<\/p>\n<\/div>\n\n<div class=\"container con--para\">\n<p>3. Die Lernplattform basiert auf dem System OpenOlat. Dies ist ein Open-Source-Produkt und kann frei verwendet und abge\u00e4ndert werden. Weitere Informationen erhalten Sie hier https:\/\/www.openolat.com\/open-source\/.<\/p>\n<\/div>\n\n<div class=\"container con--para\">\n<p><strong>III. Ihre Rechte als betroffene Person<\/strong><\/p>\n<\/div>\n\n<div class=\"container con--para\">\n<p>Jede betroffene Person hat folgende Rechte:<\/p>\n<\/div>\n\n<div class=\"container con--list\">\n<ul class=\"wp-block-list\">\n<li>Recht auf Auskunft (Art. 15 DSGVO)<\/li>\n\n\n\n<li>Recht auf Berichtigung von unrichtigen Daten (Art. 16 DSGVO)<\/li>\n\n\n\n<li>Recht auf L\u00f6schung bzw. ein Recht auf \u201eVergessenwerden\u201c (Art. 17 DSGVO)<\/li>\n\n\n\n<li>Recht auf Einschr\u00e4nkung der Verarbeitung personenbezogener Daten (Art. 18 DSGVO)<\/li>\n\n\n\n<li>Recht auf Daten\u00fcbertragbarkeit (Art. 20 DSGVO).<\/li>\n<\/ul>\n<\/div>\n\n<div class=\"container con--para\">\n<p>Dar\u00fcber hinaus steht dem Betroffenen ein allgemeines Widerspruchsrecht zu (vgl. Art.&nbsp;21 Abs.&nbsp;1 DSGVO). In diesem Fall ist der Widerspruch gegen eine Datenverarbeitung zu begr\u00fcnden. Sofern die Datenverarbeitung auf Grundlage einer Einwilligung erfolgt, kann Ihre Einwilligung jederzeit mit Wirkung f\u00fcr die Zukunft widerrufen werden.<\/p>\n<\/div>\n\n<div class=\"container con--para\">\n<p>F\u00fcr die Aus\u00fcbung der Betroffenenrechte wenden Sie sich am einfachsten an kontakt@privacy-advice.com. Dar\u00fcber hinaus haben Sie das Recht zur Beschwerde bei der f\u00fcr Sie zust\u00e4ndigen Datenschutzaufsichtsbeh\u00f6rde.<\/p>\n<\/div>\n\n<div class=\"container con--para\">\n<p><strong>IV. Zur Verarbeitung personenbezogener Daten durch DPA bei Zugriff auf unsere Website<\/strong><\/p>\n<\/div>\n\n<div class=\"container con--para\">\n<p>Nachfolgend m\u00f6chten wir Ihnen einen \u00dcberblick geben, wie wir den Schutz Ihrer personenbezogenen Daten bei Zugriff auf unsere Webseite gew\u00e4hrleisten und welche Arten von personenbezogenen Daten wir zu welchen Zwecken und in welchem Umfang verarbeiten.<\/p>\n<\/div>\n\n<div class=\"container con--para\">\n<p><strong>1. Verarbeitung von Daten bei Zugriff auf unserer Webseite \u2013 Logfiles<\/strong><\/p>\n<\/div>\n\n<div class=\"container con--para\">\n<p>Beim Zugriff auf unsere Webseite werden automatisch Informationen allgemeiner Natur erfasst. Diese Informationen (Server-Logfiles) beinhalten etwa die Art des Webbrowsers, das verwendete Betriebssystem, den Domainnamen Ihres Internet Service Providers und \u00c4hnliches. Zudem wird die IP-Adresse \u00fcbertragen und dazu verwendet, den von Ihnen gew\u00fcnschten Dienst zu nutzen. Diese Informationen sind technisch notwendig, um von Ihnen angeforderte Inhalte von Webseiten korrekt auszuliefern und fallen bei Nutzung des Internets zwingend an.<\/p>\n<\/div>\n\n<div class=\"container con--para\">\n<p>Diese Logfiledaten werden von uns umgehend nach Beendigung des Nutzungsvorgangs anonymisiert bzw. gel\u00f6scht. Rechtsgrundlage f\u00fcr die Datenverarbeitung ist Art. 6 Abs. 1 S.&nbsp;1 Buchst. f DSGVO.<\/p>\n<\/div>\n\n<div class=\"container con--para\">\n<p><strong>2. Verarbeitung von Daten bei Nutzung der Webseite \u2013 Ihre Anfragen&nbsp;<\/strong><\/p>\n<\/div>\n\n<div class=\"container con--para\">\n<p>Sofern Sie uns eine Anfrage per E-Mail bzw. \u00fcber das Kontaktformular zukommen lassen, erheben wir Ihre mitgeteilten Daten f\u00fcr die Bearbeitung und Beantwortung Ihres Anliegens. Diese Angaben speichern wir f\u00fcr Nachweiszecke \u00fcber einen Zeitraum von bis zu zwei Jahren. Rechtsgrundlage f\u00fcr die Datenverarbeitung Art. 6 Abs. 1 S. 1 Buchst. f DSGVO.<\/p>\n<\/div>\n\n<div class=\"container con--para\">\n<p>Ihre Daten werden von uns nicht an Dritte weitergegeben, sofern dies nicht zwingend erforderlich ist, um Ihre Anfrage zu beantworten oder durch eine gesetzliche Grundlage erlaubt und geboten ist.<\/p>\n<\/div>\n\n<div class=\"container con--para\">\n<p><strong>3. Hinweise zur Gew\u00e4hrleistung der Datensicherheit<\/strong><\/p>\n<\/div>\n\n<div class=\"container con--para\">\n<p>Wir treffen auf unseren Seiten technische und betriebliche Sicherheitsvorkehrungen, um die bei uns gespeicherten personenbezogenen Daten vor einem Zugriff durch Dritte, einem Verlust oder Missbrauch zu sch\u00fctzen und einen gesicherten Datentransfer zu erm\u00f6glichen.<\/p>\n<\/div>\n\n<div class=\"container con--para\">\n<p>Wir m\u00fcssen Sie darauf hinweisen, dass es aufgrund der Struktur des Internets zu einem ungewollten Datenzugriff durch Dritte kommen kann. Es liegt daher auch in Ihrem Verantwortungsbereich, ihre Daten durch Verschl\u00fcsselung oder in sonstiger Weise gegen Missbrauch zu sch\u00fctzen. Ohne entsprechende Schutzma\u00dfnahmen k\u00f6nnen insbesondere unverschl\u00fcsselt \u00fcbertragene Daten, beispielsweise wenn dies per E-Mail erfolgt, von Dritten mitgelesen werden.<\/p>\n<\/div>\n\n<div class=\"container con--para\">\n<p><strong>4. Cookies&nbsp;<\/strong><\/p>\n<\/div>\n\n<div class=\"container con--para\">\n<p>Der Einsatz von Cookies findet nur im f\u00fcr die Funktionalit\u00e4t der Plattform erforderlichen Umfang statt. Wir setzen Session-Cookies auf unseren Webseiten ein, die f\u00fcr die Nutzung unserer Webseiten zwingend erforderlich sind. Darunter fallen Cookies, die es uns erm\u00f6glichen, Sie wiederzuerkennen, w\u00e4hrend Sie die Seite im Rahmen einer einzelnen Session besuchen. Diese Session-Cookies tragen zur sicheren Nutzung unseres Angebotes bei, indem sie z.B. die Nutzung der Online-Support-Funktionen erm\u00f6glichen.<\/p>\n<\/div>\n\n<div class=\"container con--para\">\n<p><strong>V. Zur Verarbeitung personenbezogener Daten durch die DPA bei Nutzung von OpenOlat zur Onlineschulung<\/strong><\/p>\n<\/div>\n\n<div class=\"container con--para\">\n<p><strong>1. Vertragsdurchf\u00fchrung&nbsp;<\/strong><\/p>\n<\/div>\n\n<div class=\"container con--para\">\n<p>Die DPA verarbeitet die im Rahmen der Teilnahme am Online-Training angegebenen Daten f\u00fcr die Vertragserf\u00fcllung, also die Bereitstellung unseres Online-Trainings und setzt f\u00fcr diesen Zweck ggf. spezialisierte Dienstleister (wie f\u00fcr Hosting und Wartung) ein.<\/p>\n<\/div>\n\n<div class=\"container con--para\">\n<p>a) Von Ihnen erhobene Daten<\/p>\n<\/div>\n\n<div class=\"container con--para\">\n<p>Zur Gew\u00e4hrleistung der Durchf\u00fchrung der Datenschutz-Schulungen erheben wir insbesondere folgende Daten von Ihnen:<\/p>\n<\/div>\n\n<div class=\"container con--list\">\n<ul class=\"wp-block-list\">\n<li>Name und Firmenzugeh\u00f6rigkeit<\/li>\n\n\n\n<li>Ihre im Rahmen der Registrierung angegebene E-Mail-Adresse<br>(dies sollte die gesch\u00e4ftliche E-Mail-Adresse sein)<\/li>\n\n\n\n<li>Ergebnisse der Pr\u00fcfungen zu einzelnen Modulen, tempor\u00e4r ausgew\u00e4hlte Antworten und dauerhaft die Information \u00fcber das erfolgreiche Absolvieren einzelner Module.<\/li>\n<\/ul>\n<\/div>\n\n<div class=\"container con--para\">\n<p>b) Zwecke der Datenverarbeitung<\/p>\n<\/div>\n\n<div class=\"container con--para\">\n<p>Die Datenverarbeitung im Rahmen der Vertragserf\u00fcllung umfasst die Verarbeitung Ihrer Daten zu folgenden Zwecken:<\/p>\n<\/div>\n\n<div class=\"container con--list\">\n<ul class=\"wp-block-list\">\n<li>Bereitstellung von Schulungen im Datenschutz<\/li>\n\n\n\n<li>Erstellung von Zertifikaten \u00fcber bestandene Kurse zum Nachweis der pers\u00f6nlichen Fachkenntnis im Datenschutz\u00a0<\/li>\n\n\n\n<li>Nachweis der organisatorischen Bereitstellung der Datenschutz-Schulung gegen\u00fcber den Datenschutz-Aufsichtsbeh\u00f6rden.<\/li>\n<\/ul>\n<\/div>\n\n<div class=\"container con--para\">\n<p>Die Datenverarbeitung ist nach Art. 6 Abs. 1 S. 1 lit. b DSGVO zu den o.g. Zwecken f\u00fcr die Bereitstellung des Online-Trainings erforderlich. Der Zweck der Schulung im Datenschutz und Nachweis gegen\u00fcber Aufsichtsbeh\u00f6rden kann nur unter der Voraussetzung der Erhebung bestimmter personenbezogener Daten gew\u00e4hrleistet werden.<\/p>\n<\/div>\n\n<div class=\"container con--para\">\n<p><strong>2. Verarbeitung personenbezogener Daten aufgrund gesetzlicher Verpflichtungen<\/strong><\/p>\n<\/div>\n\n<div class=\"container con--para\">\n<p>DPA unterliegt \u2013 wie jedes Unternehmen in der Europ\u00e4ischen Union \u2013 verschiedenen rechtlichen Verpflichtungen, \u00dcberpr\u00fcfungen von Daten unserer Mandanten durchzuf\u00fchren. Wir verarbeiten Ihre personenbezogenen Daten in diesen F\u00e4llen nur, soweit es f\u00fcr diese gesetzlichen Vorgaben erforderlich ist. Rechtsgrundlage ist Art. 6 Abs. 1 S. 1 lit.&nbsp;c&nbsp;DSGVO in Verbindung mit den jeweils einschl\u00e4gigen gesetzlichen Vorschriften.<\/p>\n<\/div>\n\n<div class=\"container con--para\">\n<p>Diese gesetzlichen Vorgaben beziehen sich insbesondere auf:<\/p>\n<\/div>\n\n<div class=\"container con--para\">\n<p>\u2022 Betrugs- und Geldw\u00e4schepr\u00e4vention<\/p>\n<\/div>\n\n<div class=\"container con--para\">\n<p>\u2022 Steuerrechtliche Kontroll- und Meldepflichten<\/p>\n<\/div>\n\n<div class=\"container con--para\">\n<p>\u2022 Abgleich gegen Sanktionslisten der Europ\u00e4ischen Union.<\/p>\n<\/div>\n\n<div class=\"container con--para\">\n<p><strong>4. Dauer der Datenspeicherung<\/strong><\/p>\n<\/div>\n\n<div class=\"container con--para\">\n<p>DPA verarbeitet die f\u00fcr die Erf\u00fcllung des Nutzungsvertrages erhobenen personenbezogenen Daten, solange es f\u00fcr dessen Erf\u00fcllung erforderlich ist. DPA l\u00f6scht die Daten regelm\u00e4\u00dfig nach Ende des Nutzungsvertrags oder nach Inaktivit\u00e4t der Nutzer von 3 Jahren.&nbsp;<\/p>\n<\/div>\n\n<div class=\"container con--para\">\n<p>Sind die Daten hierf\u00fcr nicht mehr erforderlich, werden diese bis zum Ablauf der gesetzlichen Aufbewahrungspflicht (in der Regel 6 Jahre nach Ablauf des Kalenderjahres, in dem das Mandat beendet wurde) gespeichert und danach gel\u00f6scht\/vernichtet. L\u00e4ngere Fristen k\u00f6nnen gelten, wenn wir nach Art. 6 Abs. 1 S. 1 lit. c DSGVO aufgrund von steuer- und handelsrechtlichen Aufbewahrungs- und Dokumentationspflichten (aus HGB, StGB oder AO) zu einer l\u00e4ngeren Speicherung verpflichtet sind oder Sie in eine dar\u00fcberhinausgehende Speicherung nach Art. 6 Abs. 1 S. 1 lit. a DSGVO eingewilligt haben.<\/p>\n<\/div>\n\n<div class=\"container con--para\">\n<p><strong>VI. Aktualit\u00e4t und \u00c4nderung dieser Datenschutzerkl\u00e4rung<\/strong><\/p>\n<\/div>\n\n<div class=\"container con--para\">\n<p>Diese Datenschutzerkl\u00e4rung ist aktuell g\u00fcltig und hat den Stand Mai 2025.<\/p>\n<\/div>\n\n<div class=\"container con--para\">\n<p>Durch die Weiterentwicklung unseres Schulungsangebots oder aufgrund ge\u00e4nderter rechtlicher Vorgaben kann es notwendig werden, diese Datenschutzerkl\u00e4rung zu \u00e4ndern. Die jeweils aktuelle Datenschutzerkl\u00e4rung kann unter https:\/\/olat.privacy-advice.com\/dmz\/datenschutz von Ihnen abgerufen und ausgedruckt werden.<\/p>\n<\/div>","protected":false},"excerpt":{"rendered":"<p>DATENSCHUTZERKL\u00c4RUNG Diese Datenschutzerkl\u00e4rung beschreibt die Verarbeitung personenbezogener Daten bei der Nutzung unserer Webseite https:\/\/olat.privacy-advice.com\/dmz\/ und unserer Online-Schulung zum Datenschutz. Sie erl\u00e4utert auch die Wahlm\u00f6glichkeiten, die Sie hinsichtlich Ihrer personenbezogenen Daten haben (\u201eIhre Rechte\u201c) und wie Sie uns kontaktieren k\u00f6nnen. I. Wer ist verantwortlich und wie kann ich den Datenschutzbeauftragten erreichen? Der Verantwortliche im Sinne der [&hellip;]<\/p>\n","protected":false},"author":9,"featured_media":0,"parent":0,"menu_order":0,"comment_status":"closed","ping_status":"closed","template":"","meta":{"footnotes":""},"class_list":["post-2480","page","type-page","status-publish","hentry"],"yoast_head":"<!-- This site is optimized with the Yoast SEO plugin v27.4 - https:\/\/yoast.com\/product\/yoast-seo-wordpress\/ -->\n<title>Datenschutz Olat &#8211; DPA Drewes Privacy Advice<\/title>\n<meta name=\"robots\" content=\"index, follow, max-snippet:-1, max-image-preview:large, max-video-preview:-1\" \/>\n<link rel=\"canonical\" href=\"https:\/\/www.privacy-advice.com\/de\/datenschutz-olat\/\" \/>\n<meta property=\"og:locale\" content=\"de_DE\" \/>\n<meta property=\"og:type\" content=\"article\" \/>\n<meta property=\"og:title\" content=\"Datenschutz Olat &#8211; DPA Drewes Privacy Advice\" \/>\n<meta property=\"og:description\" content=\"DATENSCHUTZERKL\u00c4RUNG Diese Datenschutzerkl\u00e4rung beschreibt die Verarbeitung personenbezogener Daten bei der Nutzung unserer Webseite https:\/\/olat.privacy-advice.com\/dmz\/ und unserer Online-Schulung zum Datenschutz. Sie erl\u00e4utert auch die Wahlm\u00f6glichkeiten, die Sie hinsichtlich Ihrer personenbezogenen Daten haben (\u201eIhre Rechte\u201c) und wie Sie uns kontaktieren k\u00f6nnen. I. Wer ist verantwortlich und wie kann ich den Datenschutzbeauftragten erreichen? Der Verantwortliche im Sinne der [&hellip;]\" \/>\n<meta property=\"og:url\" content=\"https:\/\/www.privacy-advice.com\/de\/datenschutz-olat\/\" \/>\n<meta property=\"og:site_name\" content=\"DPA Drewes Privacy Advice\" \/>\n<meta property=\"article:modified_time\" content=\"2025-05-30T06:13:24+00:00\" \/>\n<meta name=\"twitter:card\" content=\"summary_large_image\" \/>\n<meta name=\"twitter:label1\" content=\"Gesch\u00e4tzte Lesezeit\" \/>\n\t<meta name=\"twitter:data1\" content=\"7\u00a0Minuten\" \/>\n<script type=\"application\/ld+json\" class=\"yoast-schema-graph\">{\"@context\":\"https:\\\/\\\/schema.org\",\"@graph\":[{\"@type\":\"WebPage\",\"@id\":\"https:\\\/\\\/www.privacy-advice.com\\\/de\\\/datenschutz-olat\\\/\",\"url\":\"https:\\\/\\\/www.privacy-advice.com\\\/de\\\/datenschutz-olat\\\/\",\"name\":\"Datenschutz Olat &#8211; DPA Drewes Privacy Advice\",\"isPartOf\":{\"@id\":\"https:\\\/\\\/www.privacy-advice.com\\\/de\\\/#website\"},\"datePublished\":\"2025-05-30T06:13:23+00:00\",\"dateModified\":\"2025-05-30T06:13:24+00:00\",\"breadcrumb\":{\"@id\":\"https:\\\/\\\/www.privacy-advice.com\\\/de\\\/datenschutz-olat\\\/#breadcrumb\"},\"inLanguage\":\"de\",\"potentialAction\":[{\"@type\":\"ReadAction\",\"target\":[\"https:\\\/\\\/www.privacy-advice.com\\\/de\\\/datenschutz-olat\\\/\"]}]},{\"@type\":\"BreadcrumbList\",\"@id\":\"https:\\\/\\\/www.privacy-advice.com\\\/de\\\/datenschutz-olat\\\/#breadcrumb\",\"itemListElement\":[{\"@type\":\"ListItem\",\"position\":1,\"name\":\"Startseite\",\"item\":\"https:\\\/\\\/www.privacy-advice.com\\\/de\\\/\"},{\"@type\":\"ListItem\",\"position\":2,\"name\":\"Datenschutz Olat\"}]},{\"@type\":\"WebSite\",\"@id\":\"https:\\\/\\\/www.privacy-advice.com\\\/de\\\/#website\",\"url\":\"https:\\\/\\\/www.privacy-advice.com\\\/de\\\/\",\"name\":\"DPA Drewes Privacy Advice\",\"description\":\"\",\"publisher\":{\"@id\":\"https:\\\/\\\/www.privacy-advice.com\\\/de\\\/#organization\"},\"potentialAction\":[{\"@type\":\"SearchAction\",\"target\":{\"@type\":\"EntryPoint\",\"urlTemplate\":\"https:\\\/\\\/www.privacy-advice.com\\\/de\\\/?s={search_term_string}\"},\"query-input\":{\"@type\":\"PropertyValueSpecification\",\"valueRequired\":true,\"valueName\":\"search_term_string\"}}],\"inLanguage\":\"de\"},{\"@type\":\"Organization\",\"@id\":\"https:\\\/\\\/www.privacy-advice.com\\\/de\\\/#organization\",\"name\":\"DPA Drewes Privacy Advice GmbH\",\"url\":\"https:\\\/\\\/www.privacy-advice.com\\\/de\\\/\",\"logo\":{\"@type\":\"ImageObject\",\"inLanguage\":\"de\",\"@id\":\"https:\\\/\\\/www.privacy-advice.com\\\/de\\\/#\\\/schema\\\/logo\\\/image\\\/\",\"url\":\"https:\\\/\\\/www.privacy-advice.com\\\/wp-content\\\/uploads\\\/dpa-logo.svg\",\"contentUrl\":\"https:\\\/\\\/www.privacy-advice.com\\\/wp-content\\\/uploads\\\/dpa-logo.svg\",\"width\":1,\"height\":1,\"caption\":\"DPA Drewes Privacy Advice GmbH\"},\"image\":{\"@id\":\"https:\\\/\\\/www.privacy-advice.com\\\/de\\\/#\\\/schema\\\/logo\\\/image\\\/\"}}]}<\/script>\n<!-- \/ Yoast SEO plugin. -->","yoast_head_json":{"title":"Datenschutz Olat &#8211; DPA Drewes Privacy Advice","robots":{"index":"index","follow":"follow","max-snippet":"max-snippet:-1","max-image-preview":"max-image-preview:large","max-video-preview":"max-video-preview:-1"},"canonical":"https:\/\/www.privacy-advice.com\/de\/datenschutz-olat\/","og_locale":"de_DE","og_type":"article","og_title":"Datenschutz Olat &#8211; DPA Drewes Privacy Advice","og_description":"DATENSCHUTZERKL\u00c4RUNG Diese Datenschutzerkl\u00e4rung beschreibt die Verarbeitung personenbezogener Daten bei der Nutzung unserer Webseite https:\/\/olat.privacy-advice.com\/dmz\/ und unserer Online-Schulung zum Datenschutz. Sie erl\u00e4utert auch die Wahlm\u00f6glichkeiten, die Sie hinsichtlich Ihrer personenbezogenen Daten haben (\u201eIhre Rechte\u201c) und wie Sie uns kontaktieren k\u00f6nnen. I. Wer ist verantwortlich und wie kann ich den Datenschutzbeauftragten erreichen? Der Verantwortliche im Sinne der [&hellip;]","og_url":"https:\/\/www.privacy-advice.com\/de\/datenschutz-olat\/","og_site_name":"DPA Drewes Privacy Advice","article_modified_time":"2025-05-30T06:13:24+00:00","twitter_card":"summary_large_image","twitter_misc":{"Gesch\u00e4tzte Lesezeit":"7\u00a0Minuten"},"schema":{"@context":"https:\/\/schema.org","@graph":[{"@type":"WebPage","@id":"https:\/\/www.privacy-advice.com\/de\/datenschutz-olat\/","url":"https:\/\/www.privacy-advice.com\/de\/datenschutz-olat\/","name":"Datenschutz Olat &#8211; DPA Drewes Privacy Advice","isPartOf":{"@id":"https:\/\/www.privacy-advice.com\/de\/#website"},"datePublished":"2025-05-30T06:13:23+00:00","dateModified":"2025-05-30T06:13:24+00:00","breadcrumb":{"@id":"https:\/\/www.privacy-advice.com\/de\/datenschutz-olat\/#breadcrumb"},"inLanguage":"de","potentialAction":[{"@type":"ReadAction","target":["https:\/\/www.privacy-advice.com\/de\/datenschutz-olat\/"]}]},{"@type":"BreadcrumbList","@id":"https:\/\/www.privacy-advice.com\/de\/datenschutz-olat\/#breadcrumb","itemListElement":[{"@type":"ListItem","position":1,"name":"Startseite","item":"https:\/\/www.privacy-advice.com\/de\/"},{"@type":"ListItem","position":2,"name":"Datenschutz Olat"}]},{"@type":"WebSite","@id":"https:\/\/www.privacy-advice.com\/de\/#website","url":"https:\/\/www.privacy-advice.com\/de\/","name":"DPA Drewes Privacy Advice","description":"","publisher":{"@id":"https:\/\/www.privacy-advice.com\/de\/#organization"},"potentialAction":[{"@type":"SearchAction","target":{"@type":"EntryPoint","urlTemplate":"https:\/\/www.privacy-advice.com\/de\/?s={search_term_string}"},"query-input":{"@type":"PropertyValueSpecification","valueRequired":true,"valueName":"search_term_string"}}],"inLanguage":"de"},{"@type":"Organization","@id":"https:\/\/www.privacy-advice.com\/de\/#organization","name":"DPA Drewes Privacy Advice GmbH","url":"https:\/\/www.privacy-advice.com\/de\/","logo":{"@type":"ImageObject","inLanguage":"de","@id":"https:\/\/www.privacy-advice.com\/de\/#\/schema\/logo\/image\/","url":"https:\/\/www.privacy-advice.com\/wp-content\/uploads\/dpa-logo.svg","contentUrl":"https:\/\/www.privacy-advice.com\/wp-content\/uploads\/dpa-logo.svg","width":1,"height":1,"caption":"DPA Drewes Privacy Advice GmbH"},"image":{"@id":"https:\/\/www.privacy-advice.com\/de\/#\/schema\/logo\/image\/"}}]}},"_links":{"self":[{"href":"https:\/\/www.privacy-advice.com\/de\/wp-json\/wp\/v2\/pages\/2480","targetHints":{"allow":["GET"]}}],"collection":[{"href":"https:\/\/www.privacy-advice.com\/de\/wp-json\/wp\/v2\/pages"}],"about":[{"href":"https:\/\/www.privacy-advice.com\/de\/wp-json\/wp\/v2\/types\/page"}],"author":[{"embeddable":true,"href":"https:\/\/www.privacy-advice.com\/de\/wp-json\/wp\/v2\/users\/9"}],"replies":[{"embeddable":true,"href":"https:\/\/www.privacy-advice.com\/de\/wp-json\/wp\/v2\/comments?post=2480"}],"version-history":[{"count":1,"href":"https:\/\/www.privacy-advice.com\/de\/wp-json\/wp\/v2\/pages\/2480\/revisions"}],"predecessor-version":[{"id":2481,"href":"https:\/\/www.privacy-advice.com\/de\/wp-json\/wp\/v2\/pages\/2480\/revisions\/2481"}],"wp:attachment":[{"href":"https:\/\/www.privacy-advice.com\/de\/wp-json\/wp\/v2\/media?parent=2480"}],"curies":[{"name":"wp","href":"https:\/\/api.w.org\/{rel}","templated":true}]}}