{"id":3,"date":"2021-07-01T07:48:54","date_gmt":"2021-07-01T05:48:54","guid":{"rendered":"https:\/\/www.privacy-advice.com\/?page_id=3"},"modified":"2021-10-29T17:46:10","modified_gmt":"2021-10-29T15:46:10","slug":"datenschutzerklaerung","status":"publish","type":"page","link":"https:\/\/www.privacy-advice.com\/de\/datenschutzerklaerung\/","title":{"rendered":"Datenschutzerkl\u00e4rung"},"content":{"rendered":"<div class=\"block block--header bg--blue flex flex--middle wp-block-acf-header \">\r\n\r\n\t<picture>\r\n        <source \r\n            media=\"(min-width: 641px)\" \r\n            srcset=\"https:\/\/www.privacy-advice.com\/wp-content\/uploads\/dpa-header-bild-2400x1158.jpg 2400w,\r\n                https:\/\/www.privacy-advice.com\/wp-content\/uploads\/dpa-header-bild-1920x927.jpg 1920w,\r\n                https:\/\/www.privacy-advice.com\/wp-content\/uploads\/dpa-header-bild-1600x772.jpg 1600w,\r\n                https:\/\/www.privacy-advice.com\/wp-content\/uploads\/dpa-header-bild-1400x676.jpg 1400w,\r\n                https:\/\/www.privacy-advice.com\/wp-content\/uploads\/dpa-header-bild-1200x579.jpg 1200w,\r\n                https:\/\/www.privacy-advice.com\/wp-content\/uploads\/dpa-header-bild-1024x494.jpg 1024w\"\r\n            sizes=\"100vw\">\r\n            <source \r\n                media=\"(max-width: 640px)\" \r\n                srcset=\"https:\/\/www.privacy-advice.com\/wp-content\/uploads\/header-m.jpg 1200w,\r\n                        https:\/\/www.privacy-advice.com\/wp-content\/uploads\/header-m-1024x597.jpg 1024w,\r\n                         https:\/\/www.privacy-advice.com\/wp-content\/uploads\/header-m-800x467.jpg 800w\"\r\n                sizes=\"100vw\">  \r\n        <img decoding=\"async\" \r\n            src=\"https:\/\/www.privacy-advice.com\/wp-content\/uploads\/dpa-header-bild-1600x772.jpg\"\r\n            alt=\"Datenschutzerkl\u00e4rung\" loading=\"lazy\">\r\n    <\/picture>\r\n\r\n\r\n    \r\n        <div class=\"one-whole spacing\">\r\n            <div class=\"container relative\">\r\n                                    <h1>Datenschutzerkl\u00e4rung<\/h1>\r\n                \r\n                            <\/div>\r\n        <\/div>\r\n\r\n       \r\n<\/div>\r\n\r\n\r\n<div class=\"block--breadcrumbs\">\r\n    <div class=\"container\">\r\n        <nav class=\"breadcrumbs\"><ol><li><a href=\"https:\/\/www.privacy-advice.com\/de\/\">Startseite<\/a><\/li><\/ol><\/nav>    <\/div>\r\n<\/div>\r\n\r\n\r\n\r\n\r\n\r\n\r\n\r\n\r\n\r\n\n\n<div class=\"container con--heading\">\n<h2 class=\"wp-block-heading\"><strong>DATENSCHUTZ- UND COOKIE-RICHTLINIE<\/strong><\/h2>\n<\/div>\n\n<div class=\"container con--para\">\n<p>Diese Datenschutzrichtlinie beschreibt die Verarbeitung personenbezogener Daten bei Nutzung der Websites der DPA Drewes Privacy Advice GmbH (kurz: DPA). Sie erl\u00e4utert auch die Wahlm\u00f6glichkeiten, die Sie hinsichtlich Ihrer personenbezogenen Daten haben (\u201eIhre Rechte\u201c) und wie Sie uns kontaktieren k\u00f6nnen.<\/p>\n<\/div>\n\n<div class=\"container con--heading\">\n<h3 class=\"wp-block-heading\"><strong>I.&nbsp;&nbsp;&nbsp;&nbsp;&nbsp;&nbsp;&nbsp;&nbsp;&nbsp; Wer ist verantwortlich und wie kann ich den Datenschutzbeauftragten erreichen?<\/strong><\/h3>\n<\/div>\n\n<div class=\"container con--para\">\n<p>Der Verantwortliche im Sinne der DSGVO ist die<\/p>\n<\/div>\n\n<div class=\"container con--para\">\n<p>DPA Drewes Privacy Advice GmbH<br>Dreizehnmorgenweg 6<br>53175 Bonn<br>+49 228 90248070<\/p>\n<\/div>\n\n<div class=\"container con--para\">\n<p>kontakt@privacy-advice.com<\/p>\n<\/div>\n\n<div class=\"container con--para\">\n<p>Weitere Informationen zu unserem Unternehmen, Angaben zu den vertretungsberechtigten Personen und auch weitere Kontaktm\u00f6glichkeiten finden Sie in unserem Impressum unserer Internetseite: <a href=\"https:\/\/www.privacy-advice.com\/de\/impressum\">https:\/\/www.privacy-advice.com\/de\/impressum<\/a><\/p>\n<\/div>\n\n<div class=\"container con--para\">\n<p>F\u00fcr Fragen zur Verarbeitung Ihrer personenbezogenen Daten durch uns oder zum Thema Datenschutz allgemein wenden Sie sich bitte an: kontakt@privacy-advice.com <\/p>\n<\/div>\n\n<div class=\"container con--heading\">\n<h3 class=\"wp-block-heading\"><strong>II.&nbsp;&nbsp;&nbsp;&nbsp;&nbsp;&nbsp;&nbsp;&nbsp; Zur Verarbeitung personenbezogener Daten durch die DPA<\/strong><\/h3>\n<\/div>\n\n<div class=\"container con--para\">\n<p>Nachfolgend m\u00f6chten wir Ihnen einen \u00dcberblick geben, wie wir den Schutz Ihrer personenbezogenen Daten bei einem Zugriff auf unsere Webseite gew\u00e4hrleisten und welche Arten von personenbezogenen Daten wir zu welchen Zwecken und in welchem Umfang verarbeiten.<\/p>\n<\/div>\n\n<div class=\"container con--heading\">\n<h4 class=\"wp-block-heading\"><strong>1.&nbsp;&nbsp;&nbsp;&nbsp;&nbsp;&nbsp;&nbsp;&nbsp; Verarbeitung von Daten bei Zugriff auf unserer Webseite &#8211; Logfiles<\/strong><\/h4>\n<\/div>\n\n<div class=\"container con--para\">\n<p class=\"has-text-align-left\">Bei einem Zugriff auf unsere Website werden automatisch folgende Informationen allgemeiner Natur (sog. Logfile Daten) erfasst:<\/p>\n<\/div>\n\n<div class=\"container con--para\">\n<p class=\"has-text-align-left\">Datum und Uhrzeit des Zugriffs; IP-Adresse; Website, von der unsere Website aufgerufen wurde; Websites, die \u00fcber unsere Website aufgerufen werden; besuchte Seite auf unserer Website; Informationen \u00fcber den Browsertyp und die verwendete Version; Betriebssystem.<\/p>\n<\/div>\n\n<div class=\"container con--para\">\n<p class=\"has-text-align-left\">Die vor\u00fcbergehende Speicherung dieser Daten ist technisch zur korrekten Auslieferung unserer Website notwendig. Die Daten fallen zudem bei der Nutzung des Internets und beim Aufruf einer Website zwingend an. Wir speichern die Logfile Daten, um die Funktionsf\u00e4higkeit und die Sicherheit der informationstechnischen Systeme sicherzustellen. In diesen Zwecken liegt unser berechtigtes Interesse in der Speicherung der Logfile Daten f\u00fcr einen Zeitraum von 14 Tagen. Rechtsgrundlage f\u00fcr die Verarbeitung der personenbezogenen Daten ist Art.&nbsp;6 Abs.&nbsp;1 S.&nbsp;1 lit.&nbsp;f DSGVO.<\/p>\n<\/div>\n\n<div class=\"container con--heading\">\n<h4 class=\"wp-block-heading\"><strong>2.&nbsp;&nbsp;&nbsp;&nbsp;&nbsp;&nbsp;&nbsp;&nbsp; Verarbeitung von Daten bei Nutzung der Webseite \u2013 Ihre Anfragen<\/strong><\/h4>\n<\/div>\n\n<div class=\"container con--para\">\n<p>Sofern Sie uns eine Anfrage per E-Mail zukommen lassen, erheben wir Ihre mitgeteilten Daten f\u00fcr die Bearbeitung und Beantwortung Ihres Anliegens. Diese Angaben speichern wir f\u00fcr Nachweiszecke \u00fcber einen Zeitraum von bis zu zwei Jahren. Rechtsgrundlage f\u00fcr die Datenverarbeitung Art. 6 Abs. 1 Satz 1 Buchst. f DSGVO.<\/p>\n<\/div>\n\n<div class=\"container con--heading\">\n<h4 class=\"wp-block-heading\"><strong>3.&nbsp;&nbsp;&nbsp;&nbsp;&nbsp;&nbsp;&nbsp;&nbsp; Hinweise zur Gew\u00e4hrleistung der Datensicherheit<\/strong><\/h4>\n<\/div>\n\n<div class=\"container con--para\">\n<p>Wir treffen auf unseren Seiten technische und organisatorische Sicherheitsvorkehrungen, um die bei uns gespeicherten personenbezogenen Daten vor einem Zugriff durch Dritte, einem Verlust oder Missbrauch zu sch\u00fctzen und einen gesicherten Datentransfer zu erm\u00f6glichen.<\/p>\n<\/div>\n\n<div class=\"container con--para\">\n<p>Wir m\u00fcssen Sie darauf hinweisen, dass es aufgrund der Struktur des Internets zu einem ungewollten Datenzugriff durch Dritte kommen kann. Es liegt daher auch in Ihrem Verantwortungsbereich, ihre Daten durch Verschl\u00fcsselung oder in sonstiger Weise gegen Missbrauch zu sch\u00fctzen. Ohne entsprechende Schutzma\u00dfnahmen k\u00f6nnen insbesondere unverschl\u00fcsselt \u00fcbertragene Daten, auch wenn dies per E-Mail erfolgt, von Dritten mitgelesen werden.<\/p>\n<\/div>\n\n<div class=\"container con--heading\">\n<h3 class=\"wp-block-heading\"><strong>III.&nbsp;&nbsp;&nbsp;&nbsp;&nbsp;&nbsp;&nbsp; Ihre Rechte als Betroffener<\/strong><\/h3>\n<\/div>\n\n<div class=\"container con--para\">\n<p>Jede betroffene Person hat folgende Rechte:<\/p>\n<\/div>\n\n<div class=\"container con--list\">\n<ul class=\"wp-block-list\"><li>Recht auf Auskunft (Art. 15 DSGVO)<\/li><li>Recht auf Berichtigung von unrichtigen Daten (Art. 16 DSGVO)<\/li><li>Recht auf L\u00f6schung bzw. ein Recht auf \u201eVergessenwerden\u201c (Art. 17 DSGVO)<\/li><li>Recht auf Einschr\u00e4nkung der Verarbeitung personenbezogener Daten (Art. 18 DSGVO)<\/li><li>Recht auf Daten\u00fcbertragbarkeit (Art. 20 DSGVO).<\/li><\/ul>\n<\/div>\n\n<div class=\"container con--para\">\n<p><strong>Sie k\u00f6nnen einer Verarbeitung von personenbezogenen Daten f\u00fcr Zwecke der Werbung einschlie\u00dflich einer Analyse von Kundendaten f\u00fcr Werbezwecke jederzeit ohne Angabe von Gr\u00fcnden widersprechen.<\/strong><\/p>\n<\/div>\n\n<div class=\"container con--para\">\n<p>Dar\u00fcber hinaus steht dem Betroffenen auch ein allgemeines Widerspruchsrecht zu (vgl. Art.&nbsp;21 Abs. 1 DSGVO). In diesem Fall ist der Widerspruch gegen eine Datenverarbeitung zu begr\u00fcnden. Sofern die Datenverarbeitung auf Grundlage einer Einwilligung erfolgt, kann Ihre Einwilligung jederzeit mit Wirkung f\u00fcr die Zukunft widerrufen werden.<\/p>\n<\/div>\n\n<div class=\"container con--para\">\n<p>F\u00fcr die Aus\u00fcbung der Betroffenenrechte wenden Sie sich am einfachsten an kontakt@privacy-advice.com. Dar\u00fcber hinaus haben Sie das Recht zur Beschwerde bei einer Datenschutzaufsichtsbeh\u00f6rde.<\/p>\n<\/div>\n\n<div class=\"container con--heading\">\n<h3 class=\"wp-block-heading\"><strong>IV.&nbsp;&nbsp;&nbsp;&nbsp;&nbsp;&nbsp; Unsere Cookie-Richtlinie<\/strong><\/h3>\n<\/div>\n\n<div class=\"container con--heading\">\n<h4 class=\"wp-block-heading\"><strong>1.&nbsp;&nbsp;&nbsp;&nbsp;&nbsp;&nbsp;&nbsp;&nbsp; Allgemeine Informationen zum Einsatz von Cookies<\/strong><\/h4>\n<\/div>\n\n<div class=\"container con--para\">\n<p>Unsere Website verwendet sogenannte Cookies. Cookies sind kleine Textdateien, die auf Ihrem Endger\u00e4t abgelegt werden und die Ihr Browser speichert. Sie dienen dazu, unsere Angebote nutzerfreundlicher, effektiver und sicherer zu machen. Wir verwenden sowohl sogenannte tempor\u00e4re Cookies, die mit dem Schlie\u00dfen Ihres Browsers automatisch gel\u00f6scht werden (\u201eSession Cookies\u201c), als auch persistente (dauerhafte) Cookies.<\/p>\n<\/div>\n\n<div class=\"container con--para\">\n<p>Sie haben die Wahl, ob Sie das Setzen von Cookies zulassen m\u00f6chten. \u00c4nderungen k\u00f6nnen Sie in Ihren Browsereinstellungen vornehmen. Sie haben grunds\u00e4tzlich die Wahl, ob Sie alle Cookies akzeptieren, beim Setzen von Cookies informiert werden oder alle Cookies ablehnen wollen. Sofern Sie sich f\u00fcr die letzte Variante entscheiden, ist es m\u00f6glich, dass Sie unser Angebot nicht vollst\u00e4ndig nutzen k\u00f6nnen. Individuelle Einstellungen k\u00f6nnen Sie in den Cookie Einstellungen (Link am Ende der Webseite) vornehmen.<\/p>\n<\/div>\n\n<div class=\"container con--para\">\n<p>Bei dem Einsatz von Cookies ist zwischen den zwingend erforderlichen Cookies und den f\u00fcr weitergehende Zwecke (Messung von Zugriffszahlen, Werbezwecke) zu unterscheiden.<\/p>\n<\/div>\n\n<div class=\"container con--heading\">\n<h4 class=\"wp-block-heading\"><strong>2.&nbsp;&nbsp;&nbsp;&nbsp;&nbsp;&nbsp;&nbsp;&nbsp; Zwingend erforderliche Cookies bei Nutzung der Webseite<\/strong><\/h4>\n<\/div>\n\n<div class=\"container con--para\">\n<p>Wir setzen Session-Cookies auf unseren Webseiten ein, die f\u00fcr die Nutzung unserer Webseiten zwingend erforderlich sind. Darunter fallen Cookies, die es uns erm\u00f6glichen, Sie wiederzuerkennen, w\u00e4hrend Sie die Seite im Rahmen einer einzelnen Session besuchen. Diese Session-Cookies tragen zur sicheren Nutzung unseres Angebotes bei.<\/p>\n<\/div>\n\n<div class=\"container con--heading\">\n<h4 class=\"wp-block-heading\"><strong>3.&nbsp;&nbsp;&nbsp;&nbsp;&nbsp;&nbsp;&nbsp;&nbsp; Einsatz von Cookies mit Ihrer Einwilligung<\/strong><\/h4>\n<\/div>\n\n<div class=\"container con--para\">\n<p>Nachfolgend erhalten Sie eine \u00dcbersicht zu den Cookies, die von uns mit Ihrer zu Beginn der Nutzung der Webseite erteilten Einwilligung eingesetzt werden. Bei jeder Darlegung des Einsatzes finden Sie zudem eine Opt-Out-M\u00f6glichkeit. Hierbei handelt es sich um Cookies zur Erfassung des Nutzungsverhaltens unserer Webseite.<\/p>\n<\/div>\n\n<div class=\"container con--para\">\n<p><strong>a.&nbsp;&nbsp;&nbsp;&nbsp;&nbsp;&nbsp;&nbsp;&nbsp; Einsatz von Cookies zur Erfassung des Nutzungsverhaltens (Tracking)<\/strong><\/p>\n<\/div>\n\n<div class=\"container con--para\">\n<p>Der Einsatz von Tracking-Cookies erm\u00f6glicht es uns, User bei einem erneuten Zugriff auf unsere Webseite wiederzuerkennen und so Nutzungsvorg\u00e4nge einer intern vergebenen Kennziffer (Pseudonym) zuzuordnen. So k\u00f6nnen wir wiederholte Zugriffe auf unserer Webseite erfassen und zusammenh\u00e4ngend analysieren.<\/p>\n<\/div>\n\n<div class=\"container con--para\">\n<p>Konkret werden folgende Tracking-Cookies eingesetzt:<\/p>\n<\/div>\n\n<div class=\"container con--para\">\n<p><strong>Tracking durch Matomo<\/strong><\/p>\n<\/div>\n\n<div class=\"container con--para\">\n<p>Auf dieser Website setzen wir den Webanalysedienst Matomo ein. Dieses Tool verwendet sog. \u201eCookies\u201c, Textdateien, die auf Ihrem Computer gespeichert werden und die eine Analyse der Benutzung der Website durch Sie erm\u00f6glichen. Auf dieser Website haben wir die IP-Anonymisierung aktiviert. Dadurch wird Ihre IP-Adresse gek\u00fcrzt und anonymisiert. Mit Hilfe des Tools sammeln wir Informationen \u00fcber Ihre letzten Besuche auf unserer Website, bzw. wie Sie sich innerhalb unserer Website bewegen, und benutzen diese Informationen, um Ihre Nutzung der Website auszuwerten, sowie um Reports \u00fcber die Websiteaktivit\u00e4ten zusammenzustellen.<\/p>\n<\/div>\n\n<div class=\"container con--para\">\n<p>Die durch den Webanalysedienst Matomo erhobenen Daten werden auf unserem eigenen Server mit Standort in Deutschland gespeichert und verarbeitet. Wir nutzen den Webanalysedienst, um die Nutzung unserer Website analysieren und so besser zu verstehen, wie Besucher unsere Website nutzen, sodass wir sie noch intuitiver gestalten k\u00f6nnen. Rechtsgrundlage f\u00fcr die Speicherung des Cookies ist Ihre Einwilligung nach Art. 6 Abs. 1 S. 1 lit. a DSGVO und die weitere Auswertung der erhobenen Daten \u00fcber einen Zeitraum von 13 Monaten ist die Interessensabw\u00e4gung nach Art. 6 Abs. 1 S. lit.&nbsp;f DSGVO. Ihre Einwilligung k\u00f6nnen Sie jederzeit mit Wirkung f\u00fcr die Zukunft in unseren Cookie Einstellungen (Link am unteren Ende der Seite) widerrufen.<\/p>\n<\/div>","protected":false},"excerpt":{"rendered":"<p>DATENSCHUTZ- UND COOKIE-RICHTLINIE Diese Datenschutzrichtlinie beschreibt die Verarbeitung personenbezogener Daten bei Nutzung der Websites der DPA Drewes Privacy Advice GmbH (kurz: DPA). Sie erl\u00e4utert auch die Wahlm\u00f6glichkeiten, die Sie hinsichtlich Ihrer personenbezogenen Daten haben (\u201eIhre Rechte\u201c) und wie Sie uns kontaktieren k\u00f6nnen. I.&nbsp;&nbsp;&nbsp;&nbsp;&nbsp;&nbsp;&nbsp;&nbsp;&nbsp; Wer ist verantwortlich und wie kann ich den Datenschutzbeauftragten erreichen? Der Verantwortliche [&hellip;]<\/p>\n","protected":false},"author":9,"featured_media":0,"parent":0,"menu_order":0,"comment_status":"closed","ping_status":"closed","template":"","meta":{"footnotes":""},"class_list":["post-3","page","type-page","status-publish","hentry"],"yoast_head":"<!-- This site is optimized with the Yoast SEO plugin v27.4 - https:\/\/yoast.com\/product\/yoast-seo-wordpress\/ -->\n<title>Datenschutzerkl\u00e4rung &#8211; DPA Drewes Privacy Advice<\/title>\n<meta name=\"robots\" content=\"noindex, nofollow\" \/>\n<meta property=\"og:locale\" content=\"de_DE\" \/>\n<meta property=\"og:type\" content=\"article\" \/>\n<meta property=\"og:title\" content=\"Datenschutzerkl\u00e4rung &#8211; DPA Drewes Privacy Advice\" \/>\n<meta property=\"og:description\" content=\"DATENSCHUTZ- UND COOKIE-RICHTLINIE Diese Datenschutzrichtlinie beschreibt die Verarbeitung personenbezogener Daten bei Nutzung der Websites der DPA Drewes Privacy Advice GmbH (kurz: DPA). Sie erl\u00e4utert auch die Wahlm\u00f6glichkeiten, die Sie hinsichtlich Ihrer personenbezogenen Daten haben (\u201eIhre Rechte\u201c) und wie Sie uns kontaktieren k\u00f6nnen. I.&nbsp;&nbsp;&nbsp;&nbsp;&nbsp;&nbsp;&nbsp;&nbsp;&nbsp; Wer ist verantwortlich und wie kann ich den Datenschutzbeauftragten erreichen? Der Verantwortliche [&hellip;]\" \/>\n<meta property=\"og:url\" content=\"https:\/\/www.privacy-advice.com\/de\/datenschutzerklaerung\/\" \/>\n<meta property=\"og:site_name\" content=\"DPA Drewes Privacy Advice\" \/>\n<meta property=\"article:modified_time\" content=\"2021-10-29T15:46:10+00:00\" \/>\n<meta name=\"twitter:card\" content=\"summary_large_image\" \/>\n<meta name=\"twitter:label1\" content=\"Gesch\u00e4tzte Lesezeit\" \/>\n\t<meta name=\"twitter:data1\" content=\"5\u00a0Minuten\" \/>\n<script type=\"application\/ld+json\" class=\"yoast-schema-graph\">{\"@context\":\"https:\\\/\\\/schema.org\",\"@graph\":[{\"@type\":\"WebPage\",\"@id\":\"https:\\\/\\\/www.privacy-advice.com\\\/de\\\/datenschutzerklaerung\\\/\",\"url\":\"https:\\\/\\\/www.privacy-advice.com\\\/de\\\/datenschutzerklaerung\\\/\",\"name\":\"Datenschutzerkl\u00e4rung &#8211; DPA Drewes Privacy Advice\",\"isPartOf\":{\"@id\":\"https:\\\/\\\/www.privacy-advice.com\\\/de\\\/#website\"},\"datePublished\":\"2021-07-01T05:48:54+00:00\",\"dateModified\":\"2021-10-29T15:46:10+00:00\",\"breadcrumb\":{\"@id\":\"https:\\\/\\\/www.privacy-advice.com\\\/de\\\/datenschutzerklaerung\\\/#breadcrumb\"},\"inLanguage\":\"de\",\"potentialAction\":[{\"@type\":\"ReadAction\",\"target\":[\"https:\\\/\\\/www.privacy-advice.com\\\/de\\\/datenschutzerklaerung\\\/\"]}]},{\"@type\":\"BreadcrumbList\",\"@id\":\"https:\\\/\\\/www.privacy-advice.com\\\/de\\\/datenschutzerklaerung\\\/#breadcrumb\",\"itemListElement\":[{\"@type\":\"ListItem\",\"position\":1,\"name\":\"Startseite\",\"item\":\"https:\\\/\\\/www.privacy-advice.com\\\/de\\\/\"},{\"@type\":\"ListItem\",\"position\":2,\"name\":\"Datenschutzerkl\u00e4rung\"}]},{\"@type\":\"WebSite\",\"@id\":\"https:\\\/\\\/www.privacy-advice.com\\\/de\\\/#website\",\"url\":\"https:\\\/\\\/www.privacy-advice.com\\\/de\\\/\",\"name\":\"DPA Drewes Privacy Advice\",\"description\":\"\",\"publisher\":{\"@id\":\"https:\\\/\\\/www.privacy-advice.com\\\/de\\\/#organization\"},\"potentialAction\":[{\"@type\":\"SearchAction\",\"target\":{\"@type\":\"EntryPoint\",\"urlTemplate\":\"https:\\\/\\\/www.privacy-advice.com\\\/de\\\/?s={search_term_string}\"},\"query-input\":{\"@type\":\"PropertyValueSpecification\",\"valueRequired\":true,\"valueName\":\"search_term_string\"}}],\"inLanguage\":\"de\"},{\"@type\":\"Organization\",\"@id\":\"https:\\\/\\\/www.privacy-advice.com\\\/de\\\/#organization\",\"name\":\"DPA Drewes Privacy Advice GmbH\",\"url\":\"https:\\\/\\\/www.privacy-advice.com\\\/de\\\/\",\"logo\":{\"@type\":\"ImageObject\",\"inLanguage\":\"de\",\"@id\":\"https:\\\/\\\/www.privacy-advice.com\\\/de\\\/#\\\/schema\\\/logo\\\/image\\\/\",\"url\":\"https:\\\/\\\/www.privacy-advice.com\\\/wp-content\\\/uploads\\\/dpa-logo.svg\",\"contentUrl\":\"https:\\\/\\\/www.privacy-advice.com\\\/wp-content\\\/uploads\\\/dpa-logo.svg\",\"width\":1,\"height\":1,\"caption\":\"DPA Drewes Privacy Advice GmbH\"},\"image\":{\"@id\":\"https:\\\/\\\/www.privacy-advice.com\\\/de\\\/#\\\/schema\\\/logo\\\/image\\\/\"}}]}<\/script>\n<!-- \/ Yoast SEO plugin. -->","yoast_head_json":{"title":"Datenschutzerkl\u00e4rung &#8211; DPA Drewes Privacy Advice","robots":{"index":"noindex","follow":"nofollow"},"og_locale":"de_DE","og_type":"article","og_title":"Datenschutzerkl\u00e4rung &#8211; DPA Drewes Privacy Advice","og_description":"DATENSCHUTZ- UND COOKIE-RICHTLINIE Diese Datenschutzrichtlinie beschreibt die Verarbeitung personenbezogener Daten bei Nutzung der Websites der DPA Drewes Privacy Advice GmbH (kurz: DPA). Sie erl\u00e4utert auch die Wahlm\u00f6glichkeiten, die Sie hinsichtlich Ihrer personenbezogenen Daten haben (\u201eIhre Rechte\u201c) und wie Sie uns kontaktieren k\u00f6nnen. I.&nbsp;&nbsp;&nbsp;&nbsp;&nbsp;&nbsp;&nbsp;&nbsp;&nbsp; Wer ist verantwortlich und wie kann ich den Datenschutzbeauftragten erreichen? Der Verantwortliche [&hellip;]","og_url":"https:\/\/www.privacy-advice.com\/de\/datenschutzerklaerung\/","og_site_name":"DPA Drewes Privacy Advice","article_modified_time":"2021-10-29T15:46:10+00:00","twitter_card":"summary_large_image","twitter_misc":{"Gesch\u00e4tzte Lesezeit":"5\u00a0Minuten"},"schema":{"@context":"https:\/\/schema.org","@graph":[{"@type":"WebPage","@id":"https:\/\/www.privacy-advice.com\/de\/datenschutzerklaerung\/","url":"https:\/\/www.privacy-advice.com\/de\/datenschutzerklaerung\/","name":"Datenschutzerkl\u00e4rung &#8211; DPA Drewes Privacy Advice","isPartOf":{"@id":"https:\/\/www.privacy-advice.com\/de\/#website"},"datePublished":"2021-07-01T05:48:54+00:00","dateModified":"2021-10-29T15:46:10+00:00","breadcrumb":{"@id":"https:\/\/www.privacy-advice.com\/de\/datenschutzerklaerung\/#breadcrumb"},"inLanguage":"de","potentialAction":[{"@type":"ReadAction","target":["https:\/\/www.privacy-advice.com\/de\/datenschutzerklaerung\/"]}]},{"@type":"BreadcrumbList","@id":"https:\/\/www.privacy-advice.com\/de\/datenschutzerklaerung\/#breadcrumb","itemListElement":[{"@type":"ListItem","position":1,"name":"Startseite","item":"https:\/\/www.privacy-advice.com\/de\/"},{"@type":"ListItem","position":2,"name":"Datenschutzerkl\u00e4rung"}]},{"@type":"WebSite","@id":"https:\/\/www.privacy-advice.com\/de\/#website","url":"https:\/\/www.privacy-advice.com\/de\/","name":"DPA Drewes Privacy Advice","description":"","publisher":{"@id":"https:\/\/www.privacy-advice.com\/de\/#organization"},"potentialAction":[{"@type":"SearchAction","target":{"@type":"EntryPoint","urlTemplate":"https:\/\/www.privacy-advice.com\/de\/?s={search_term_string}"},"query-input":{"@type":"PropertyValueSpecification","valueRequired":true,"valueName":"search_term_string"}}],"inLanguage":"de"},{"@type":"Organization","@id":"https:\/\/www.privacy-advice.com\/de\/#organization","name":"DPA Drewes Privacy Advice GmbH","url":"https:\/\/www.privacy-advice.com\/de\/","logo":{"@type":"ImageObject","inLanguage":"de","@id":"https:\/\/www.privacy-advice.com\/de\/#\/schema\/logo\/image\/","url":"https:\/\/www.privacy-advice.com\/wp-content\/uploads\/dpa-logo.svg","contentUrl":"https:\/\/www.privacy-advice.com\/wp-content\/uploads\/dpa-logo.svg","width":1,"height":1,"caption":"DPA Drewes Privacy Advice GmbH"},"image":{"@id":"https:\/\/www.privacy-advice.com\/de\/#\/schema\/logo\/image\/"}}]}},"_links":{"self":[{"href":"https:\/\/www.privacy-advice.com\/de\/wp-json\/wp\/v2\/pages\/3","targetHints":{"allow":["GET"]}}],"collection":[{"href":"https:\/\/www.privacy-advice.com\/de\/wp-json\/wp\/v2\/pages"}],"about":[{"href":"https:\/\/www.privacy-advice.com\/de\/wp-json\/wp\/v2\/types\/page"}],"author":[{"embeddable":true,"href":"https:\/\/www.privacy-advice.com\/de\/wp-json\/wp\/v2\/users\/9"}],"replies":[{"embeddable":true,"href":"https:\/\/www.privacy-advice.com\/de\/wp-json\/wp\/v2\/comments?post=3"}],"version-history":[{"count":3,"href":"https:\/\/www.privacy-advice.com\/de\/wp-json\/wp\/v2\/pages\/3\/revisions"}],"predecessor-version":[{"id":1777,"href":"https:\/\/www.privacy-advice.com\/de\/wp-json\/wp\/v2\/pages\/3\/revisions\/1777"}],"wp:attachment":[{"href":"https:\/\/www.privacy-advice.com\/de\/wp-json\/wp\/v2\/media?parent=3"}],"curies":[{"name":"wp","href":"https:\/\/api.w.org\/{rel}","templated":true}]}}