{"id":43,"date":"2021-07-29T14:13:59","date_gmt":"2021-07-29T12:13:59","guid":{"rendered":"https:\/\/www.privacy-advice.com\/?page_id=43"},"modified":"2021-10-30T16:44:00","modified_gmt":"2021-10-30T14:44:00","slug":"it-sicherheit","status":"publish","type":"page","link":"https:\/\/www.privacy-advice.com\/de\/leistungen\/it-sicherheit\/","title":{"rendered":"IT-Sicherheit"},"content":{"rendered":"<div class=\"block block--header bg--blue  wp-block-acf-header with-image\">\r\n\r\n\t<picture>\r\n        <source \r\n            media=\"(min-width: 641px)\" \r\n            srcset=\"https:\/\/www.privacy-advice.com\/wp-content\/uploads\/dpa-header-bild-2400x1158.jpg 2400w,\r\n                https:\/\/www.privacy-advice.com\/wp-content\/uploads\/dpa-header-bild-1920x927.jpg 1920w,\r\n                https:\/\/www.privacy-advice.com\/wp-content\/uploads\/dpa-header-bild-1600x772.jpg 1600w,\r\n                https:\/\/www.privacy-advice.com\/wp-content\/uploads\/dpa-header-bild-1400x676.jpg 1400w,\r\n                https:\/\/www.privacy-advice.com\/wp-content\/uploads\/dpa-header-bild-1200x579.jpg 1200w,\r\n                https:\/\/www.privacy-advice.com\/wp-content\/uploads\/dpa-header-bild-1024x494.jpg 1024w\"\r\n            sizes=\"100vw\">\r\n            <source \r\n                media=\"(max-width: 640px)\" \r\n                srcset=\"https:\/\/www.privacy-advice.com\/wp-content\/uploads\/header-m.jpg 1200w,\r\n                        https:\/\/www.privacy-advice.com\/wp-content\/uploads\/header-m-1024x597.jpg 1024w,\r\n                         https:\/\/www.privacy-advice.com\/wp-content\/uploads\/header-m-800x467.jpg 800w\"\r\n                sizes=\"100vw\">  \r\n        <img decoding=\"async\" \r\n            src=\"https:\/\/www.privacy-advice.com\/wp-content\/uploads\/dpa-header-bild-1600x772.jpg\"\r\n            alt=\"IT-Sicherheit\" loading=\"lazy\">\r\n    <\/picture>\r\n\r\n\r\n    \r\n        <div class=\"container\">\r\n\r\n            <div class=\"flex flexgrid--gutter flex--wrap spacing relative\">\r\n                <div class=\"flex__item one-half sm-one-whole flex flex--middle\">\r\n                    <div class=\"one-whole\">\r\n                        <h1>IT-Sicherheit<\/h1>\r\n                        <p>Wir \u00fcbernehmen die IT-Sicherheitsberatung ebenso wie die \u00dcberpr\u00fcfung Ihrer IT-Sicherheitsdokumente.<\/p>\n                    <\/div>\r\n                <\/div>\r\n                                    <div class=\"flex__item one-half sm-one-whole\">\r\n                        <div class=\"relative\">\r\n                            <figure>\r\n                                <img decoding=\"async\" src=\"https:\/\/www.privacy-advice.com\/wp-content\/uploads\/it-sicherheit-datenschutz-540x360.jpg\"\r\n                                    srcset=\"https:\/\/www.privacy-advice.com\/wp-content\/uploads\/it-sicherheit-datenschutz-1024x683.jpg 1024w,\r\n                                            https:\/\/www.privacy-advice.com\/wp-content\/uploads\/it-sicherheit-datenschutz-800x533.jpg 800w,\r\n                                            https:\/\/www.privacy-advice.com\/wp-content\/uploads\/it-sicherheit-datenschutz-540x360.jpg 540w\"\r\n                                    alt=\"IT-Sicherheit\" loading=\"lazy\" \r\n                                    width=\"1080\" height=\"720\" \r\n                                    sizes=\"auto, (min-width:1201px) 540px, (max-width:1200px) and (min-width:641px) 46vw, 96vw\" \/>\r\n                                                            <\/figure>\r\n                        <\/div>\r\n                    <\/div>\r\n                             <\/div>\r\n        <\/div>\r\n        \r\n       \r\n<\/div>\r\n\r\n\r\n<div class=\"block--breadcrumbs\">\r\n    <div class=\"container\">\r\n        <nav class=\"breadcrumbs\"><ol><li><a href=\"https:\/\/www.privacy-advice.com\/de\/\">Startseite<\/a><\/li><\/ol><\/nav>    <\/div>\r\n<\/div>\r\n\r\n\r\n\r\n\r\n\r\n\r\n\r\n\r\n\r\n\n\n<div class=\"container con--heading\">\n<h2 class=\"wp-block-heading\">Die IT-Sicherheitsberatung von DPA<\/h2>\n<\/div>\n\n<div class=\"container con--para\">\n<p>Die Einhaltung von IT-Sicherheitsstandards ist ein wesentlicher Aspekt, um den Datenschutz im Unternehmen zu gew\u00e4hrleisten. Ein Versto\u00df gegen diese Anforderungen, der zu einer unbefugten Offenlegung von personenbezogenen Daten f\u00fchrt, erfordert eine Meldung bei der Aufsichtsbeh\u00f6rde innerhalb von 72 Stunden. <\/p>\n<\/div>\n\n<div class=\"container con--para\">\n<p>Gemeinsam mit Ihnen erarbeiten wir Strategien, um dies zu verhindern. Au\u00dferdem sind wir Ihr Partner, wenn es darum geht, entsprechende Prozesse zur Gew\u00e4hrleistung der IT-Sicherheit im Unternehmen zu implementieren. <\/p>\n<\/div>\n\n<div class=\"container con--para\">\n<p>Unsere IT-Sicherheitsberatung richtet sich nach anerkannten Kriterien. <a href=\"https:\/\/www.privacy-advice.com\/de\/ueber-uns\/unsere-mitarbeiter\/\">Experten der DPA Drewes Privacy Advice<\/a> verf\u00fcgen \u00fcber eine entsprechende Zertifizierung des Bundesamts f\u00fcr Sicherheit in der Informationswirtschaft (BSI).  \u00a0<\/p>\n<\/div>\n\n<div class=\"block block--anchors wp-block-acf-anchor-links\">   \r\n\r\n\r\n    <div class=\"container spacing\">\r\n        <div class=\"padding-top--small \">\r\n            <h2 class=\"margin-bottom\">Leistungs\u00fcbersicht im Bereich IT-Sicherheit<\/h2>\r\n        <\/div>\r\n   \r\n\r\n        \r\n            <a href=\"#go-to-it-sicherheitskonzept\" class=\"link--anchor flex flex--middle\">\r\n                <img decoding=\"async\" src=\"https:\/\/www.privacy-advice.com\/wp-content\/uploads\/icon-it-sicherheit.svg\" alt=\"IT-Sicherheitskonzept\" loading=\"lazy\" \/>\r\n                <div class=\"link__headline flex1\">\r\n                    IT-Sicherheitskonzept                <\/div>\r\n                <div class=\"link__action\">\r\n                    Mehr Informationen                    <i class=\"icon-arrow-down\"><\/i>\r\n                <\/div>\r\n            <\/a>\r\n\r\n        \r\n            <a href=\"#go-to-it-sicherheitsaudits\" class=\"link--anchor flex flex--middle\">\r\n                <img decoding=\"async\" src=\"https:\/\/www.privacy-advice.com\/wp-content\/uploads\/icon-it-sicherheit.svg\" alt=\"IT-Sicherheitsaudits\" loading=\"lazy\" \/>\r\n                <div class=\"link__headline flex1\">\r\n                    IT-Sicherheitsaudits                <\/div>\r\n                <div class=\"link__action\">\r\n                    Mehr Informationen                    <i class=\"icon-arrow-down\"><\/i>\r\n                <\/div>\r\n            <\/a>\r\n\r\n        \r\n            <a href=\"#go-to-it-sicherheitsdokumentation\" class=\"link--anchor flex flex--middle\">\r\n                <img decoding=\"async\" src=\"https:\/\/www.privacy-advice.com\/wp-content\/uploads\/icon-it-sicherheit.svg\" alt=\"IT-Sicherheitsdokumentation\" loading=\"lazy\" \/>\r\n                <div class=\"link__headline flex1\">\r\n                    IT-Sicherheitsdokumentation                <\/div>\r\n                <div class=\"link__action\">\r\n                    Mehr Informationen                    <i class=\"icon-arrow-down\"><\/i>\r\n                <\/div>\r\n            <\/a>\r\n\r\n        \r\n            <a href=\"#go-to-it-sicherheitsunterweisung\" class=\"link--anchor flex flex--middle\">\r\n                <img decoding=\"async\" src=\"https:\/\/www.privacy-advice.com\/wp-content\/uploads\/icon-it-sicherheit.svg\" alt=\"IT-Sicherheitsunterweisung\" loading=\"lazy\" \/>\r\n                <div class=\"link__headline flex1\">\r\n                    IT-Sicherheitsunterweisung                <\/div>\r\n                <div class=\"link__action\">\r\n                    Mehr Informationen                    <i class=\"icon-arrow-down\"><\/i>\r\n                <\/div>\r\n            <\/a>\r\n\r\n        \r\n\r\n    <\/div>\r\n<\/div>\r\n\r\n\r\n\r\n\r\n\r\n\n\n<div class=\"container con--heading\">\n<h2 class=\"go-to-it-sicherheitskonzept wp-block-heading\">IT-Sicherheitskonzept<\/h2>\n<\/div>\n\n<div class=\"container con--para\">\n<p>Wir zeigen Ihnen auf, welche IT-Sicherheitsanforderungen nach der DSGVO Ihr Unternehmen erf\u00fcllen muss. Nach einer Bestandsaufnahme k\u00f6nnen wir die relevanten Schutzstufen ermitteln und gemeinsam mit Ihnen besprechen, welche Ma\u00dfnahmen nach dem Stand der Technik zu treffen sind. Auf dieser Grundlage erarbeiten wir f\u00fcr Sie ein entsprechendes IT-Sicherheitskonzept.<\/p>\n<\/div>\n\n<div class=\"container con--heading\">\n<h2 class=\"go-to-it-sicherheitsaudits wp-block-heading\">IT-Sicherheitsaudits<\/h2>\n<\/div>\n\n<div class=\"container con--para\">\n<p>Unternehmen m\u00fcssen nach der DSGVO einen Prozess implementieren, wonach eine regelm\u00e4\u00dfige Kontrolle der IT-Sicherheitsma\u00dfnahmen erfolgt. Hier unterst\u00fctzen wir Unternehmen und f\u00fchren derartige IT-Sicherheitsaudits beim Unternehmen selbst, aber auch bei den von Unternehmen beauftragten Dienstleistern, durch. Wir pr\u00fcfen, ob die Vorgaben nach Art. 32 DSGVO vom Unternehmen eingehalten werden, erstellen einen entsprechenden Audit-Report und geben Empfehlungen, welche Ma\u00dfnahmen zu treffen sind.<\/p>\n<\/div>\n\n\r\n\r\n<div class=\"block block--cta flex flex--middle wp-block-acf-cta icon-bigger\">\r\n                            \r\n    <picture>\r\n        <source \r\n            media=\"(min-width: 641px)\" \r\n            srcset=\"https:\/\/www.privacy-advice.com\/wp-content\/uploads\/dpa-call-to-action-background-2400x500.jpg 2400w,\r\n                https:\/\/www.privacy-advice.com\/wp-content\/uploads\/dpa-call-to-action-background-1920x400.jpg 1920w,\r\n                https:\/\/www.privacy-advice.com\/wp-content\/uploads\/dpa-call-to-action-background-1600x333.jpg 1600w,\r\n                https:\/\/www.privacy-advice.com\/wp-content\/uploads\/dpa-call-to-action-background-1400x292.jpg 1400w,\r\n                https:\/\/www.privacy-advice.com\/wp-content\/uploads\/dpa-call-to-action-background-1200x250.jpg 1200w,\r\n                https:\/\/www.privacy-advice.com\/wp-content\/uploads\/dpa-call-to-action-background-1024x213.jpg 1024w\"\r\n            sizes=\"100vw\">\r\n            <source \r\n                media=\"(max-width: 640px)\" \r\n                srcset=\"https:\/\/www.privacy-advice.com\/wp-content\/uploads\/dpa-call-to-action-background-1200x250.jpg 1200w,\r\n                        https:\/\/www.privacy-advice.com\/wp-content\/uploads\/dpa-call-to-action-background-1024x213.jpg 1024w,\r\n                         https:\/\/www.privacy-advice.com\/wp-content\/uploads\/dpa-call-to-action-background-800x167.jpg 800w\"\r\n                sizes=\"100vw\">  \r\n        <img decoding=\"async\" \r\n            src=\"https:\/\/www.privacy-advice.com\/wp-content\/uploads\/dpa-call-to-action-background-1600x333.jpg\"\r\n            alt=\"DPA | Call-to-Action Hintergrund\" loading=\"lazy\">\r\n    <\/picture>\r\n\r\n    <div class=\"one-whole spacing\">\r\n        <div class=\"container relative\">\r\n                            <a href=\"https:\/\/www.privacy-advice.com\/de\/kontakt\/\" target=\"_self\">\r\n                            <img decoding=\"async\" src=\"https:\/\/www.privacy-advice.com\/wp-content\/uploads\/p.svg\" \r\n                    alt=\"\" loading=\"lazy\" \/>\r\n                            <\/a>\r\n            \r\n            <div class=\"flex flexgrid--gutter flex--wrap flex--middle\">\r\n                <div class=\"flex__item\">\r\n                    <div class=\"left\">\r\n                                                                                    <a href=\"https:\/\/www.privacy-advice.com\/de\/kontakt\/\" target=\"_self\">\r\n                                                            <h2 class=\"gamma\">Vereinbaren Sie einen Beratungstermin mit uns<\/h2>\r\n                                                             <\/a>\r\n                                                       \r\n                        <p>Sie ben\u00f6tigen in Ihrem Unternehmen, Unterst\u00fctzung im Bereich IT-Sicherheit? Gern erstellen wir Ihnen ein auf Ihre Bed\u00fcrfnisse zugeschnittenes Angebot.<\/p>\r\n                    <\/div>\r\n                <\/div>\r\n                <div class=\"right flex__item\">\r\n                                            <a href=\"https:\/\/www.privacy-advice.com\/de\/kontakt\/\" target=\"_self\" class=\"btn btn--white\">\r\n                            Kontakt aufnehmen                        <\/a>\r\n                                    <\/div>\r\n            <\/div>\r\n        <\/div>\r\n    <\/div> \r\n\r\n\r\n<\/div>\n\n<div class=\"container con--heading\">\n<h2 class=\"go-to-it-sicherheitsdokumentation wp-block-heading\">IT-Sicherheitsdokumentation<\/h2>\n<\/div>\n\n<div class=\"container con--para\">\n<p>Die Beachtung von Dokumentationspflichten ist f\u00fcr den IT-Sicherheitsprozess ein wichtiger Bestandteil. Zahlreiche Regularien setzen die umfangreiche Dokumentation der vorhandenen IT-Sicherheitsma\u00dfnahmen voraus. Nicht nur die IT-Sicherheitspolicy, sondern auch \u00fcbergeordnete Dokumente wie das Notfallvorsorgekonzept oder auch Fachkonzepte f\u00fcr die Firewall m\u00fcssen im Unternehmen vorliegen. Gerne sind wir bei der Erarbeitung dieser Dokumente behilflich.<\/p>\n<\/div>\n\n<div class=\"container con--heading\">\n<h2 class=\"go-to-it-sicherheitsunterweisung wp-block-heading\">IT-Sicherheitsunterweisung<\/h2>\n<\/div>\n\n<div class=\"container con--para\">\n<p>Awareness der Mitarbeiter ist bei der Vermeidung von IT-Sicherheitsverst\u00f6\u00dfen ein ganz wesentlicher Aspekt. \u00dcberwiegend finden IT-Sicherheitsverst\u00f6\u00dfe aus Nachl\u00e4ssigkeit oder einfach auf Grund von Unkenntnis statt. Daher ist eine Unterweisung im Bereich der IT-Sicherheit ein ganz wesentlicher Aspekt, um eine Verletzung von IT-Sicherheitsstandards zu vermeiden.<\/p>\n<\/div>\n\n<div class=\"container con--para\">\n<p><\/p>\n<\/div>","protected":false},"excerpt":{"rendered":"<p>Die IT-Sicherheitsberatung von DPA Die Einhaltung von IT-Sicherheitsstandards ist ein wesentlicher Aspekt, um den Datenschutz im Unternehmen zu gew\u00e4hrleisten. Ein Versto\u00df gegen diese Anforderungen, der zu einer unbefugten Offenlegung von personenbezogenen Daten f\u00fchrt, erfordert eine Meldung bei der Aufsichtsbeh\u00f6rde innerhalb von 72 Stunden. Gemeinsam mit Ihnen erarbeiten wir Strategien, um dies zu verhindern. Au\u00dferdem sind [&hellip;]<\/p>\n","protected":false},"author":9,"featured_media":1365,"parent":26,"menu_order":0,"comment_status":"closed","ping_status":"closed","template":"","meta":{"footnotes":""},"class_list":["post-43","page","type-page","status-publish","has-post-thumbnail","hentry"],"yoast_head":"<!-- This site is optimized with the Yoast SEO plugin v27.4 - https:\/\/yoast.com\/product\/yoast-seo-wordpress\/ -->\n<title>IT-Sicherheit &#8211; DPA Drewes Privacy Advice<\/title>\n<meta name=\"description\" content=\"Im Bereich IT-Sicherheit decken wir die IT-Sicherheitsberatung ab und \u00fcberpr\u00fcfen IT-Sicherheitsdokumente. \u2794 Mehr erfahren!\" \/>\n<meta name=\"robots\" content=\"index, follow, max-snippet:-1, max-image-preview:large, max-video-preview:-1\" \/>\n<link rel=\"canonical\" href=\"https:\/\/www.privacy-advice.com\/de\/leistungen\/it-sicherheit\/\" \/>\n<meta property=\"og:locale\" content=\"de_DE\" \/>\n<meta property=\"og:type\" content=\"article\" \/>\n<meta property=\"og:title\" content=\"IT-Sicherheit &#8211; DPA Drewes Privacy Advice\" \/>\n<meta property=\"og:description\" content=\"Im Bereich IT-Sicherheit decken wir die IT-Sicherheitsberatung ab und \u00fcberpr\u00fcfen IT-Sicherheitsdokumente. \u2794 Mehr erfahren!\" \/>\n<meta property=\"og:url\" content=\"https:\/\/www.privacy-advice.com\/de\/leistungen\/it-sicherheit\/\" \/>\n<meta property=\"og:site_name\" content=\"DPA Drewes Privacy Advice\" \/>\n<meta property=\"article:modified_time\" content=\"2021-10-30T14:44:00+00:00\" \/>\n<meta property=\"og:image\" content=\"https:\/\/www.privacy-advice.com\/wp-content\/uploads\/it-sicherheit-datenschutz.jpg\" \/>\n\t<meta property=\"og:image:width\" content=\"1080\" \/>\n\t<meta property=\"og:image:height\" content=\"720\" \/>\n\t<meta property=\"og:image:type\" content=\"image\/jpeg\" \/>\n<meta name=\"twitter:card\" content=\"summary_large_image\" \/>\n<meta name=\"twitter:label1\" content=\"Gesch\u00e4tzte Lesezeit\" \/>\n\t<meta name=\"twitter:data1\" content=\"2\u00a0Minuten\" \/>\n<script type=\"application\/ld+json\" class=\"yoast-schema-graph\">{\"@context\":\"https:\\\/\\\/schema.org\",\"@graph\":[{\"@type\":\"WebPage\",\"@id\":\"https:\\\/\\\/www.privacy-advice.com\\\/de\\\/leistungen\\\/it-sicherheit\\\/\",\"url\":\"https:\\\/\\\/www.privacy-advice.com\\\/de\\\/leistungen\\\/it-sicherheit\\\/\",\"name\":\"IT-Sicherheit &#8211; DPA Drewes Privacy Advice\",\"isPartOf\":{\"@id\":\"https:\\\/\\\/www.privacy-advice.com\\\/de\\\/#website\"},\"primaryImageOfPage\":{\"@id\":\"https:\\\/\\\/www.privacy-advice.com\\\/de\\\/leistungen\\\/it-sicherheit\\\/#primaryimage\"},\"image\":{\"@id\":\"https:\\\/\\\/www.privacy-advice.com\\\/de\\\/leistungen\\\/it-sicherheit\\\/#primaryimage\"},\"thumbnailUrl\":\"https:\\\/\\\/www.privacy-advice.com\\\/wp-content\\\/uploads\\\/it-sicherheit-datenschutz.jpg\",\"datePublished\":\"2021-07-29T12:13:59+00:00\",\"dateModified\":\"2021-10-30T14:44:00+00:00\",\"description\":\"Im Bereich IT-Sicherheit decken wir die IT-Sicherheitsberatung ab und \u00fcberpr\u00fcfen IT-Sicherheitsdokumente. \u2794 Mehr erfahren!\",\"breadcrumb\":{\"@id\":\"https:\\\/\\\/www.privacy-advice.com\\\/de\\\/leistungen\\\/it-sicherheit\\\/#breadcrumb\"},\"inLanguage\":\"de\",\"potentialAction\":[{\"@type\":\"ReadAction\",\"target\":[\"https:\\\/\\\/www.privacy-advice.com\\\/de\\\/leistungen\\\/it-sicherheit\\\/\"]}]},{\"@type\":\"ImageObject\",\"inLanguage\":\"de\",\"@id\":\"https:\\\/\\\/www.privacy-advice.com\\\/de\\\/leistungen\\\/it-sicherheit\\\/#primaryimage\",\"url\":\"https:\\\/\\\/www.privacy-advice.com\\\/wp-content\\\/uploads\\\/it-sicherheit-datenschutz.jpg\",\"contentUrl\":\"https:\\\/\\\/www.privacy-advice.com\\\/wp-content\\\/uploads\\\/it-sicherheit-datenschutz.jpg\",\"width\":1080,\"height\":720,\"caption\":\"IT-Sicherheit\"},{\"@type\":\"BreadcrumbList\",\"@id\":\"https:\\\/\\\/www.privacy-advice.com\\\/de\\\/leistungen\\\/it-sicherheit\\\/#breadcrumb\",\"itemListElement\":[{\"@type\":\"ListItem\",\"position\":1,\"name\":\"Startseite\",\"item\":\"https:\\\/\\\/www.privacy-advice.com\\\/de\\\/\"},{\"@type\":\"ListItem\",\"position\":2,\"name\":\"Leistungen\",\"item\":\"https:\\\/\\\/www.privacy-advice.com\\\/de\\\/leistungen\\\/\"},{\"@type\":\"ListItem\",\"position\":3,\"name\":\"IT-Sicherheit\"}]},{\"@type\":\"WebSite\",\"@id\":\"https:\\\/\\\/www.privacy-advice.com\\\/de\\\/#website\",\"url\":\"https:\\\/\\\/www.privacy-advice.com\\\/de\\\/\",\"name\":\"DPA Drewes Privacy Advice\",\"description\":\"\",\"publisher\":{\"@id\":\"https:\\\/\\\/www.privacy-advice.com\\\/de\\\/#organization\"},\"potentialAction\":[{\"@type\":\"SearchAction\",\"target\":{\"@type\":\"EntryPoint\",\"urlTemplate\":\"https:\\\/\\\/www.privacy-advice.com\\\/de\\\/?s={search_term_string}\"},\"query-input\":{\"@type\":\"PropertyValueSpecification\",\"valueRequired\":true,\"valueName\":\"search_term_string\"}}],\"inLanguage\":\"de\"},{\"@type\":\"Organization\",\"@id\":\"https:\\\/\\\/www.privacy-advice.com\\\/de\\\/#organization\",\"name\":\"DPA Drewes Privacy Advice GmbH\",\"url\":\"https:\\\/\\\/www.privacy-advice.com\\\/de\\\/\",\"logo\":{\"@type\":\"ImageObject\",\"inLanguage\":\"de\",\"@id\":\"https:\\\/\\\/www.privacy-advice.com\\\/de\\\/#\\\/schema\\\/logo\\\/image\\\/\",\"url\":\"https:\\\/\\\/www.privacy-advice.com\\\/wp-content\\\/uploads\\\/dpa-logo.svg\",\"contentUrl\":\"https:\\\/\\\/www.privacy-advice.com\\\/wp-content\\\/uploads\\\/dpa-logo.svg\",\"width\":1,\"height\":1,\"caption\":\"DPA Drewes Privacy Advice GmbH\"},\"image\":{\"@id\":\"https:\\\/\\\/www.privacy-advice.com\\\/de\\\/#\\\/schema\\\/logo\\\/image\\\/\"}}]}<\/script>\n<!-- \/ Yoast SEO plugin. -->","yoast_head_json":{"title":"IT-Sicherheit &#8211; DPA Drewes Privacy Advice","description":"Im Bereich IT-Sicherheit decken wir die IT-Sicherheitsberatung ab und \u00fcberpr\u00fcfen IT-Sicherheitsdokumente. \u2794 Mehr erfahren!","robots":{"index":"index","follow":"follow","max-snippet":"max-snippet:-1","max-image-preview":"max-image-preview:large","max-video-preview":"max-video-preview:-1"},"canonical":"https:\/\/www.privacy-advice.com\/de\/leistungen\/it-sicherheit\/","og_locale":"de_DE","og_type":"article","og_title":"IT-Sicherheit &#8211; DPA Drewes Privacy Advice","og_description":"Im Bereich IT-Sicherheit decken wir die IT-Sicherheitsberatung ab und \u00fcberpr\u00fcfen IT-Sicherheitsdokumente. \u2794 Mehr erfahren!","og_url":"https:\/\/www.privacy-advice.com\/de\/leistungen\/it-sicherheit\/","og_site_name":"DPA Drewes Privacy Advice","article_modified_time":"2021-10-30T14:44:00+00:00","og_image":[{"width":1080,"height":720,"url":"https:\/\/www.privacy-advice.com\/wp-content\/uploads\/it-sicherheit-datenschutz.jpg","type":"image\/jpeg"}],"twitter_card":"summary_large_image","twitter_misc":{"Gesch\u00e4tzte Lesezeit":"2\u00a0Minuten"},"schema":{"@context":"https:\/\/schema.org","@graph":[{"@type":"WebPage","@id":"https:\/\/www.privacy-advice.com\/de\/leistungen\/it-sicherheit\/","url":"https:\/\/www.privacy-advice.com\/de\/leistungen\/it-sicherheit\/","name":"IT-Sicherheit &#8211; DPA Drewes Privacy Advice","isPartOf":{"@id":"https:\/\/www.privacy-advice.com\/de\/#website"},"primaryImageOfPage":{"@id":"https:\/\/www.privacy-advice.com\/de\/leistungen\/it-sicherheit\/#primaryimage"},"image":{"@id":"https:\/\/www.privacy-advice.com\/de\/leistungen\/it-sicherheit\/#primaryimage"},"thumbnailUrl":"https:\/\/www.privacy-advice.com\/wp-content\/uploads\/it-sicherheit-datenschutz.jpg","datePublished":"2021-07-29T12:13:59+00:00","dateModified":"2021-10-30T14:44:00+00:00","description":"Im Bereich IT-Sicherheit decken wir die IT-Sicherheitsberatung ab und \u00fcberpr\u00fcfen IT-Sicherheitsdokumente. \u2794 Mehr erfahren!","breadcrumb":{"@id":"https:\/\/www.privacy-advice.com\/de\/leistungen\/it-sicherheit\/#breadcrumb"},"inLanguage":"de","potentialAction":[{"@type":"ReadAction","target":["https:\/\/www.privacy-advice.com\/de\/leistungen\/it-sicherheit\/"]}]},{"@type":"ImageObject","inLanguage":"de","@id":"https:\/\/www.privacy-advice.com\/de\/leistungen\/it-sicherheit\/#primaryimage","url":"https:\/\/www.privacy-advice.com\/wp-content\/uploads\/it-sicherheit-datenschutz.jpg","contentUrl":"https:\/\/www.privacy-advice.com\/wp-content\/uploads\/it-sicherheit-datenschutz.jpg","width":1080,"height":720,"caption":"IT-Sicherheit"},{"@type":"BreadcrumbList","@id":"https:\/\/www.privacy-advice.com\/de\/leistungen\/it-sicherheit\/#breadcrumb","itemListElement":[{"@type":"ListItem","position":1,"name":"Startseite","item":"https:\/\/www.privacy-advice.com\/de\/"},{"@type":"ListItem","position":2,"name":"Leistungen","item":"https:\/\/www.privacy-advice.com\/de\/leistungen\/"},{"@type":"ListItem","position":3,"name":"IT-Sicherheit"}]},{"@type":"WebSite","@id":"https:\/\/www.privacy-advice.com\/de\/#website","url":"https:\/\/www.privacy-advice.com\/de\/","name":"DPA Drewes Privacy Advice","description":"","publisher":{"@id":"https:\/\/www.privacy-advice.com\/de\/#organization"},"potentialAction":[{"@type":"SearchAction","target":{"@type":"EntryPoint","urlTemplate":"https:\/\/www.privacy-advice.com\/de\/?s={search_term_string}"},"query-input":{"@type":"PropertyValueSpecification","valueRequired":true,"valueName":"search_term_string"}}],"inLanguage":"de"},{"@type":"Organization","@id":"https:\/\/www.privacy-advice.com\/de\/#organization","name":"DPA Drewes Privacy Advice GmbH","url":"https:\/\/www.privacy-advice.com\/de\/","logo":{"@type":"ImageObject","inLanguage":"de","@id":"https:\/\/www.privacy-advice.com\/de\/#\/schema\/logo\/image\/","url":"https:\/\/www.privacy-advice.com\/wp-content\/uploads\/dpa-logo.svg","contentUrl":"https:\/\/www.privacy-advice.com\/wp-content\/uploads\/dpa-logo.svg","width":1,"height":1,"caption":"DPA Drewes Privacy Advice GmbH"},"image":{"@id":"https:\/\/www.privacy-advice.com\/de\/#\/schema\/logo\/image\/"}}]}},"_links":{"self":[{"href":"https:\/\/www.privacy-advice.com\/de\/wp-json\/wp\/v2\/pages\/43","targetHints":{"allow":["GET"]}}],"collection":[{"href":"https:\/\/www.privacy-advice.com\/de\/wp-json\/wp\/v2\/pages"}],"about":[{"href":"https:\/\/www.privacy-advice.com\/de\/wp-json\/wp\/v2\/types\/page"}],"author":[{"embeddable":true,"href":"https:\/\/www.privacy-advice.com\/de\/wp-json\/wp\/v2\/users\/9"}],"replies":[{"embeddable":true,"href":"https:\/\/www.privacy-advice.com\/de\/wp-json\/wp\/v2\/comments?post=43"}],"version-history":[{"count":5,"href":"https:\/\/www.privacy-advice.com\/de\/wp-json\/wp\/v2\/pages\/43\/revisions"}],"predecessor-version":[{"id":1817,"href":"https:\/\/www.privacy-advice.com\/de\/wp-json\/wp\/v2\/pages\/43\/revisions\/1817"}],"up":[{"embeddable":true,"href":"https:\/\/www.privacy-advice.com\/de\/wp-json\/wp\/v2\/pages\/26"}],"wp:featuredmedia":[{"embeddable":true,"href":"https:\/\/www.privacy-advice.com\/de\/wp-json\/wp\/v2\/media\/1365"}],"wp:attachment":[{"href":"https:\/\/www.privacy-advice.com\/de\/wp-json\/wp\/v2\/media?parent=43"}],"curies":[{"name":"wp","href":"https:\/\/api.w.org\/{rel}","templated":true}]}}