{"id":50,"date":"2021-07-29T14:15:22","date_gmt":"2021-07-29T12:15:22","guid":{"rendered":"https:\/\/www.privacy-advice.com\/?page_id=50"},"modified":"2021-10-25T10:06:05","modified_gmt":"2021-10-25T08:06:05","slug":"impressum","status":"publish","type":"page","link":"https:\/\/www.privacy-advice.com\/de\/impressum\/","title":{"rendered":"Impressum"},"content":{"rendered":"<div class=\"block block--header bg--blue flex flex--middle wp-block-acf-header \">\r\n\r\n\t<picture>\r\n        <source \r\n            media=\"(min-width: 641px)\" \r\n            srcset=\"https:\/\/www.privacy-advice.com\/wp-content\/uploads\/dpa-header-bild-2400x1158.jpg 2400w,\r\n                https:\/\/www.privacy-advice.com\/wp-content\/uploads\/dpa-header-bild-1920x927.jpg 1920w,\r\n                https:\/\/www.privacy-advice.com\/wp-content\/uploads\/dpa-header-bild-1600x772.jpg 1600w,\r\n                https:\/\/www.privacy-advice.com\/wp-content\/uploads\/dpa-header-bild-1400x676.jpg 1400w,\r\n                https:\/\/www.privacy-advice.com\/wp-content\/uploads\/dpa-header-bild-1200x579.jpg 1200w,\r\n                https:\/\/www.privacy-advice.com\/wp-content\/uploads\/dpa-header-bild-1024x494.jpg 1024w\"\r\n            sizes=\"100vw\">\r\n            <source \r\n                media=\"(max-width: 640px)\" \r\n                srcset=\"https:\/\/www.privacy-advice.com\/wp-content\/uploads\/header-m.jpg 1200w,\r\n                        https:\/\/www.privacy-advice.com\/wp-content\/uploads\/header-m-1024x597.jpg 1024w,\r\n                         https:\/\/www.privacy-advice.com\/wp-content\/uploads\/header-m-800x467.jpg 800w\"\r\n                sizes=\"100vw\">  \r\n        <img decoding=\"async\" \r\n            src=\"https:\/\/www.privacy-advice.com\/wp-content\/uploads\/dpa-header-bild-1600x772.jpg\"\r\n            alt=\"Impressum\" loading=\"lazy\">\r\n    <\/picture>\r\n\r\n\r\n    \r\n        <div class=\"one-whole spacing\">\r\n            <div class=\"container relative\">\r\n                                    <h1>Impressum<\/h1>\r\n                \r\n                            <\/div>\r\n        <\/div>\r\n\r\n       \r\n<\/div>\r\n\r\n\r\n<div class=\"block--breadcrumbs\">\r\n    <div class=\"container\">\r\n        <nav class=\"breadcrumbs\"><ol><li><a href=\"https:\/\/www.privacy-advice.com\/de\/\">Startseite<\/a><\/li><\/ol><\/nav>    <\/div>\r\n<\/div>\r\n\r\n\r\n\r\n\r\n\r\n\r\n\r\n\r\n\r\n\n\n<div class=\"container con--para\">\n<p><strong>DPA Drewes Privacy Advice GmbH<\/strong><br>Dreizehnmorgenweg 6<br>D-53175 Bonn<\/p>\n<\/div>\n\n<div class=\"container con--para\">\n<p>Gesch\u00e4ftsf\u00fchrer: Dr. Stefan Drewes<br>Amtsgericht Bonn, HRB 18371<\/p>\n<\/div>\n\n<div class=\"container con--para\">\n<p>UStID: DE275528732<\/p>\n<\/div>\n\n<div class=\"container con--para\">\n<p>+49 (0) 228 9024807-0<\/p>\n<\/div>\n\n<div class=\"container con--para\">\n<p><a>kontakt@privacy-advice.com<\/a><\/p>\n<\/div>\n\n<div class=\"container con--heading\">\n<h2 class=\"wp-block-heading\">Haftungsausschuss<\/h2>\n<\/div>\n\n<div class=\"container con--para\">\n<p>Diese Website dient ausschlie\u00dflich der allgemeinen Information und Darstellung \u00fcber die DPA Drewes Privacy Advice GmbH. Die unter der Website ver\u00f6ffentlichten Informationen sind jedoch weder geeignet noch dazu bestimmt, eine Beratung f\u00fcr einen konkreten Fall zu liefern und k\u00f6nnen diese auch nicht ersetzen. Jegliche Haftung aus der Nutzung der Informationen ist ausgeschlossen.<\/p>\n<\/div>\n\n<div class=\"container con--para\">\n<p>Die auf dieser Website enthaltenen Informationen und Links wurden sorgf\u00e4ltig recherchiert und auf ihre Richtigkeit \u00fcberpr\u00fcft. F\u00fcr die Richtigkeit, Aktualit\u00e4t, Vollst\u00e4ndigkeit oder Qualit\u00e4t der bereitgestellten Texte und Informationen wird jedoch keine Gew\u00e4hr \u00fcbernommen. Gleiches gilt auch f\u00fcr die Inhalte externer Websites, auf die diese Seite \u00fcber Hyperlinks direkt oder indirekt verweist und auf die wir keinen Einfluss haben. Die DPA Drewes Privacy Advice GmbH macht sich die Inhalte externer Websites in keiner Weise zu eigen und kann deshalb f\u00fcr diese fremden Inhalte auch keine Gew\u00e4hr \u00fcbernehmen. F\u00fcr die Inhalte der verlinkten Seiten ist ausschlie\u00dflich und stets der jeweilige Anbieter oder Betreiber der Seiten verantwortlich.<\/p>\n<\/div>\n\n<div class=\"container con--para\">\n<p><\/p>\n<\/div>","protected":false},"excerpt":{"rendered":"<p>DPA Drewes Privacy Advice GmbHDreizehnmorgenweg 6D-53175 Bonn Gesch\u00e4ftsf\u00fchrer: Dr. Stefan DrewesAmtsgericht Bonn, HRB 18371 UStID: DE275528732 +49 (0) 228 9024807-0 kontakt@privacy-advice.com Haftungsausschuss Diese Website dient ausschlie\u00dflich der allgemeinen Information und Darstellung \u00fcber die DPA Drewes Privacy Advice GmbH. Die unter der Website ver\u00f6ffentlichten Informationen sind jedoch weder geeignet noch dazu bestimmt, eine Beratung f\u00fcr einen [&hellip;]<\/p>\n","protected":false},"author":9,"featured_media":0,"parent":0,"menu_order":0,"comment_status":"closed","ping_status":"closed","template":"","meta":{"footnotes":""},"class_list":["post-50","page","type-page","status-publish","hentry"],"yoast_head":"<!-- This site is optimized with the Yoast SEO plugin v27.4 - https:\/\/yoast.com\/product\/yoast-seo-wordpress\/ -->\n<title>Impressum &#8211; DPA Drewes Privacy Advice<\/title>\n<meta name=\"robots\" content=\"noindex, nofollow\" \/>\n<meta property=\"og:locale\" content=\"de_DE\" \/>\n<meta property=\"og:type\" content=\"article\" \/>\n<meta property=\"og:title\" content=\"Impressum &#8211; DPA Drewes Privacy Advice\" \/>\n<meta property=\"og:description\" content=\"DPA Drewes Privacy Advice GmbHDreizehnmorgenweg 6D-53175 Bonn Gesch\u00e4ftsf\u00fchrer: Dr. Stefan DrewesAmtsgericht Bonn, HRB 18371 UStID: DE275528732 +49 (0) 228 9024807-0 kontakt@privacy-advice.com Haftungsausschuss Diese Website dient ausschlie\u00dflich der allgemeinen Information und Darstellung \u00fcber die DPA Drewes Privacy Advice GmbH. Die unter der Website ver\u00f6ffentlichten Informationen sind jedoch weder geeignet noch dazu bestimmt, eine Beratung f\u00fcr einen [&hellip;]\" \/>\n<meta property=\"og:url\" content=\"https:\/\/www.privacy-advice.com\/de\/impressum\/\" \/>\n<meta property=\"og:site_name\" content=\"DPA Drewes Privacy Advice\" \/>\n<meta property=\"article:modified_time\" content=\"2021-10-25T08:06:05+00:00\" \/>\n<meta name=\"twitter:card\" content=\"summary_large_image\" \/>\n<meta name=\"twitter:label1\" content=\"Gesch\u00e4tzte Lesezeit\" \/>\n\t<meta name=\"twitter:data1\" content=\"1\u00a0Minute\" \/>\n<script type=\"application\/ld+json\" class=\"yoast-schema-graph\">{\"@context\":\"https:\\\/\\\/schema.org\",\"@graph\":[{\"@type\":\"WebPage\",\"@id\":\"https:\\\/\\\/www.privacy-advice.com\\\/de\\\/impressum\\\/\",\"url\":\"https:\\\/\\\/www.privacy-advice.com\\\/de\\\/impressum\\\/\",\"name\":\"Impressum &#8211; DPA Drewes Privacy Advice\",\"isPartOf\":{\"@id\":\"https:\\\/\\\/www.privacy-advice.com\\\/de\\\/#website\"},\"datePublished\":\"2021-07-29T12:15:22+00:00\",\"dateModified\":\"2021-10-25T08:06:05+00:00\",\"breadcrumb\":{\"@id\":\"https:\\\/\\\/www.privacy-advice.com\\\/de\\\/impressum\\\/#breadcrumb\"},\"inLanguage\":\"de\",\"potentialAction\":[{\"@type\":\"ReadAction\",\"target\":[\"https:\\\/\\\/www.privacy-advice.com\\\/de\\\/impressum\\\/\"]}]},{\"@type\":\"BreadcrumbList\",\"@id\":\"https:\\\/\\\/www.privacy-advice.com\\\/de\\\/impressum\\\/#breadcrumb\",\"itemListElement\":[{\"@type\":\"ListItem\",\"position\":1,\"name\":\"Startseite\",\"item\":\"https:\\\/\\\/www.privacy-advice.com\\\/de\\\/\"},{\"@type\":\"ListItem\",\"position\":2,\"name\":\"Impressum\"}]},{\"@type\":\"WebSite\",\"@id\":\"https:\\\/\\\/www.privacy-advice.com\\\/de\\\/#website\",\"url\":\"https:\\\/\\\/www.privacy-advice.com\\\/de\\\/\",\"name\":\"DPA Drewes Privacy Advice\",\"description\":\"\",\"publisher\":{\"@id\":\"https:\\\/\\\/www.privacy-advice.com\\\/de\\\/#organization\"},\"potentialAction\":[{\"@type\":\"SearchAction\",\"target\":{\"@type\":\"EntryPoint\",\"urlTemplate\":\"https:\\\/\\\/www.privacy-advice.com\\\/de\\\/?s={search_term_string}\"},\"query-input\":{\"@type\":\"PropertyValueSpecification\",\"valueRequired\":true,\"valueName\":\"search_term_string\"}}],\"inLanguage\":\"de\"},{\"@type\":\"Organization\",\"@id\":\"https:\\\/\\\/www.privacy-advice.com\\\/de\\\/#organization\",\"name\":\"DPA Drewes Privacy Advice GmbH\",\"url\":\"https:\\\/\\\/www.privacy-advice.com\\\/de\\\/\",\"logo\":{\"@type\":\"ImageObject\",\"inLanguage\":\"de\",\"@id\":\"https:\\\/\\\/www.privacy-advice.com\\\/de\\\/#\\\/schema\\\/logo\\\/image\\\/\",\"url\":\"https:\\\/\\\/www.privacy-advice.com\\\/wp-content\\\/uploads\\\/dpa-logo.svg\",\"contentUrl\":\"https:\\\/\\\/www.privacy-advice.com\\\/wp-content\\\/uploads\\\/dpa-logo.svg\",\"width\":1,\"height\":1,\"caption\":\"DPA Drewes Privacy Advice GmbH\"},\"image\":{\"@id\":\"https:\\\/\\\/www.privacy-advice.com\\\/de\\\/#\\\/schema\\\/logo\\\/image\\\/\"}}]}<\/script>\n<!-- \/ Yoast SEO plugin. -->","yoast_head_json":{"title":"Impressum &#8211; DPA Drewes Privacy Advice","robots":{"index":"noindex","follow":"nofollow"},"og_locale":"de_DE","og_type":"article","og_title":"Impressum &#8211; DPA Drewes Privacy Advice","og_description":"DPA Drewes Privacy Advice GmbHDreizehnmorgenweg 6D-53175 Bonn Gesch\u00e4ftsf\u00fchrer: Dr. Stefan DrewesAmtsgericht Bonn, HRB 18371 UStID: DE275528732 +49 (0) 228 9024807-0 kontakt@privacy-advice.com Haftungsausschuss Diese Website dient ausschlie\u00dflich der allgemeinen Information und Darstellung \u00fcber die DPA Drewes Privacy Advice GmbH. Die unter der Website ver\u00f6ffentlichten Informationen sind jedoch weder geeignet noch dazu bestimmt, eine Beratung f\u00fcr einen [&hellip;]","og_url":"https:\/\/www.privacy-advice.com\/de\/impressum\/","og_site_name":"DPA Drewes Privacy Advice","article_modified_time":"2021-10-25T08:06:05+00:00","twitter_card":"summary_large_image","twitter_misc":{"Gesch\u00e4tzte Lesezeit":"1\u00a0Minute"},"schema":{"@context":"https:\/\/schema.org","@graph":[{"@type":"WebPage","@id":"https:\/\/www.privacy-advice.com\/de\/impressum\/","url":"https:\/\/www.privacy-advice.com\/de\/impressum\/","name":"Impressum &#8211; DPA Drewes Privacy Advice","isPartOf":{"@id":"https:\/\/www.privacy-advice.com\/de\/#website"},"datePublished":"2021-07-29T12:15:22+00:00","dateModified":"2021-10-25T08:06:05+00:00","breadcrumb":{"@id":"https:\/\/www.privacy-advice.com\/de\/impressum\/#breadcrumb"},"inLanguage":"de","potentialAction":[{"@type":"ReadAction","target":["https:\/\/www.privacy-advice.com\/de\/impressum\/"]}]},{"@type":"BreadcrumbList","@id":"https:\/\/www.privacy-advice.com\/de\/impressum\/#breadcrumb","itemListElement":[{"@type":"ListItem","position":1,"name":"Startseite","item":"https:\/\/www.privacy-advice.com\/de\/"},{"@type":"ListItem","position":2,"name":"Impressum"}]},{"@type":"WebSite","@id":"https:\/\/www.privacy-advice.com\/de\/#website","url":"https:\/\/www.privacy-advice.com\/de\/","name":"DPA Drewes Privacy Advice","description":"","publisher":{"@id":"https:\/\/www.privacy-advice.com\/de\/#organization"},"potentialAction":[{"@type":"SearchAction","target":{"@type":"EntryPoint","urlTemplate":"https:\/\/www.privacy-advice.com\/de\/?s={search_term_string}"},"query-input":{"@type":"PropertyValueSpecification","valueRequired":true,"valueName":"search_term_string"}}],"inLanguage":"de"},{"@type":"Organization","@id":"https:\/\/www.privacy-advice.com\/de\/#organization","name":"DPA Drewes Privacy Advice GmbH","url":"https:\/\/www.privacy-advice.com\/de\/","logo":{"@type":"ImageObject","inLanguage":"de","@id":"https:\/\/www.privacy-advice.com\/de\/#\/schema\/logo\/image\/","url":"https:\/\/www.privacy-advice.com\/wp-content\/uploads\/dpa-logo.svg","contentUrl":"https:\/\/www.privacy-advice.com\/wp-content\/uploads\/dpa-logo.svg","width":1,"height":1,"caption":"DPA Drewes Privacy Advice GmbH"},"image":{"@id":"https:\/\/www.privacy-advice.com\/de\/#\/schema\/logo\/image\/"}}]}},"_links":{"self":[{"href":"https:\/\/www.privacy-advice.com\/de\/wp-json\/wp\/v2\/pages\/50","targetHints":{"allow":["GET"]}}],"collection":[{"href":"https:\/\/www.privacy-advice.com\/de\/wp-json\/wp\/v2\/pages"}],"about":[{"href":"https:\/\/www.privacy-advice.com\/de\/wp-json\/wp\/v2\/types\/page"}],"author":[{"embeddable":true,"href":"https:\/\/www.privacy-advice.com\/de\/wp-json\/wp\/v2\/users\/9"}],"replies":[{"embeddable":true,"href":"https:\/\/www.privacy-advice.com\/de\/wp-json\/wp\/v2\/comments?post=50"}],"version-history":[{"count":0,"href":"https:\/\/www.privacy-advice.com\/de\/wp-json\/wp\/v2\/pages\/50\/revisions"}],"wp:attachment":[{"href":"https:\/\/www.privacy-advice.com\/de\/wp-json\/wp\/v2\/media?parent=50"}],"curies":[{"name":"wp","href":"https:\/\/api.w.org\/{rel}","templated":true}]}}